{"id":15707,"date":"2023-11-12T16:32:39","date_gmt":"2023-11-12T16:32:39","guid":{"rendered":"https:\/\/www.fihsabogados.cl\/wp\/?page_id=15707"},"modified":"2025-03-18T18:20:42","modified_gmt":"2025-03-18T18:20:42","slug":"juan-eduardo-figuera-valdes","status":"publish","type":"page","link":"https:\/\/www.fihsabogados.cl\/english\/attorneys-at-law\/juan-eduardo-figuera-valdes\/","title":{"rendered":"Juan Eduardo Figueroa Vald\u00e9s"},"content":{"rendered":"<div class=\"fusion-fullwidth fullwidth-box fusion-builder-row-1 fusion-flex-container has-pattern-background has-mask-background nonhundred-percent-fullwidth non-hundred-percent-height-scrolling abogado\" style=\"--link_color: var(--awb-color2);--awb-background-position:left top;--awb-border-sizes-top:0px;--awb-border-sizes-bottom:0px;--awb-border-sizes-left:0px;--awb-border-sizes-right:0px;--awb-border-color:var(--awb-color2);--awb-border-radius-top-left:0px;--awb-border-radius-top-right:0px;--awb-border-radius-bottom-right:0px;--awb-border-radius-bottom-left:0px;--awb-padding-top:110px;--awb-padding-bottom:90px;--awb-padding-top-medium:72px;--awb-padding-bottom-medium:62px;--awb-background-color:var(--awb-color2);--awb-flex-wrap:wrap;\" ><div class=\"fusion-builder-row fusion-row fusion-flex-align-items-flex-start fusion-flex-content-wrap\" style=\"max-width:calc( 1170px + 0px );margin-left: calc(-0px \/ 2 );margin-right: calc(-0px \/ 2 );\"><div class=\"fusion-layout-column fusion_builder_column fusion-builder-column-0 fusion_builder_column_1_1 1_1 fusion-flex-column fusion-flex-align-self-flex-start fusion-column-no-min-height\" style=\"--awb-bg-blend:overlay;--awb-bg-size:cover;--awb-width-large:100%;--awb-margin-top-large:0px;--awb-spacing-right-large:0px;--awb-margin-bottom-large:0px;--awb-spacing-left-large:0px;--awb-width-medium:100%;--awb-spacing-right-medium:0px;--awb-spacing-left-medium:0px;--awb-width-small:100%;--awb-spacing-right-small:0px;--awb-spacing-left-small:0px;\"><div class=\"fusion-column-wrapper fusion-flex-justify-content-flex-start fusion-content-layout-column\"><div class=\"fusion-separator fusion-full-width-sep\" style=\"align-self: center;margin-left: auto;margin-right: auto;width:100%;\"><\/div><\/div><\/div><div class=\"fusion-layout-column fusion_builder_column fusion-builder-column-1 fusion_builder_column_1_1 1_1 fusion-flex-column green-border rounded-border\" style=\"--awb-padding-top:60px;--awb-padding-right:60px;--awb-padding-bottom:50px;--awb-padding-left:60px;--awb-bg-color:var(--awb-color1);--awb-bg-color-hover:var(--awb-color1);--awb-bg-size:cover;--awb-border-color:var(--awb-color2);--awb-border-top:1px;--awb-border-right:1px;--awb-border-bottom:1px;--awb-border-left:1px;--awb-border-style:solid;--awb-width-large:100%;--awb-margin-top-large:0px;--awb-spacing-right-large:0px;--awb-margin-bottom-large:20px;--awb-spacing-left-large:0px;--awb-width-medium:100%;--awb-spacing-right-medium:0px;--awb-spacing-left-medium:0px;--awb-width-small:100%;--awb-spacing-right-small:0px;--awb-spacing-left-small:0px;\"><div class=\"fusion-column-wrapper fusion-flex-justify-content-center fusion-content-layout-column\"><div class=\"fusion-builder-row fusion-builder-row-inner fusion-row fusion-flex-align-items-flex-start fusion-flex-content-wrap\" style=\"--awb-flex-grow:0;--awb-flex-grow-medium:0;--awb-flex-grow-small:0;--awb-flex-shrink:0;--awb-flex-shrink-medium:0;--awb-flex-shrink-small:0;width:calc( 100% + 0px ) !important;max-width:calc( 100% + 0px ) !important;margin-left: calc(-0px \/ 2 );margin-right: calc(-0px \/ 2 );\"><div class=\"fusion-layout-column fusion_builder_column_inner fusion-builder-nested-column-0 fusion_builder_column_inner_1_3 1_3 fusion-flex-column\" style=\"--awb-bg-size:cover;--awb-width-large:33.333333333333%;--awb-margin-top-large:0px;--awb-spacing-right-large:0px;--awb-margin-bottom-large:20px;--awb-spacing-left-large:0px;--awb-width-medium:25%;--awb-spacing-right-medium:0px;--awb-spacing-left-medium:0px;--awb-width-small:100%;--awb-spacing-right-small:0px;--awb-spacing-left-small:0px;\"><div class=\"fusion-column-wrapper fusion-column-has-shadow fusion-flex-justify-content-flex-start fusion-content-layout-column\"><div class=\"fusion-image-element \" style=\"text-align:center;--awb-margin-right:30px;--awb-max-width:300px;--awb-caption-title-font-family:var(--h2_typography-font-family);--awb-caption-title-font-weight:var(--h2_typography-font-weight);--awb-caption-title-font-style:var(--h2_typography-font-style);--awb-caption-title-size:var(--h2_typography-font-size);--awb-caption-title-transform:var(--h2_typography-text-transform);--awb-caption-title-line-height:var(--h2_typography-line-height);--awb-caption-title-letter-spacing:var(--h2_typography-letter-spacing);\"><span class=\" fusion-imageframe imageframe-none imageframe-1 hover-type-none\"><img decoding=\"async\" width=\"400\" height=\"600\" alt=\"JUAN EDUARDO FIGUEROA VALD\u00c9S\" title=\"JUAN EDUARDO FIGUEROA VALD\u00c9S\" src=\"https:\/\/www.fihsabogados.cl\/english\/wp-content\/uploads\/2024\/06\/JUAN-EDUARDO-FIGUEROA-VALDES.jpg\" data-orig-src=\"https:\/\/www.fihsabogados.cl\/english\/wp-content\/uploads\/2024\/06\/JUAN-EDUARDO-FIGUEROA-VALDES.jpg\" class=\"lazyload img-responsive wp-image-17160\" srcset=\"data:image\/svg+xml,%3Csvg%20xmlns%3D%27http%3A%2F%2Fwww.w3.org%2F2000%2Fsvg%27%20width%3D%27400%27%20height%3D%27600%27%20viewBox%3D%270%200%20400%20600%27%3E%3Crect%20width%3D%27400%27%20height%3D%27600%27%20fill-opacity%3D%220%22%2F%3E%3C%2Fsvg%3E\" data-srcset=\"https:\/\/www.fihsabogados.cl\/english\/wp-content\/uploads\/2024\/06\/JUAN-EDUARDO-FIGUEROA-VALDES-200x300.jpg 200w, https:\/\/www.fihsabogados.cl\/english\/wp-content\/uploads\/2024\/06\/JUAN-EDUARDO-FIGUEROA-VALDES.jpg 400w\" data-sizes=\"auto\" data-orig-sizes=\"(max-width: 1024px) 100vw, (max-width: 850px) 100vw, 400px\" \/><\/span><\/div><div class=\"fusion-separator fusion-full-width-sep\" style=\"align-self: center;margin-left: auto;margin-right: auto;width:100%;\"><div class=\"fusion-separator-border sep-double\" style=\"--awb-height:20px;--awb-amount:20px;--awb-sep-color:var(--awb-color2);border-color:var(--awb-color2);border-top-width:1px;border-bottom-width:1px;\"><\/div><\/div><div class=\"fusion-separator fusion-full-width-sep\" style=\"align-self: center;margin-left: auto;margin-right: auto;width:100%;\"><div class=\"fusion-separator-border sep-double\" style=\"--awb-height:20px;--awb-amount:20px;--awb-sep-color:var(--awb-color2);border-color:var(--awb-color2);border-top-width:1px;border-bottom-width:1px;\"><\/div><\/div><div class=\"fusion-social-links fusion-social-links-1\" style=\"--awb-margin-top:0px;--awb-margin-right:0px;--awb-margin-bottom:0px;--awb-margin-left:0px;--awb-alignment:center;--awb-box-border-top:0px;--awb-box-border-right:0px;--awb-box-border-bottom:0px;--awb-box-border-left:0px;--awb-icon-colors-hover:hsla(var(--awb-color1-h),var(--awb-color1-s),var(--awb-color1-l),calc( var(--awb-color1-a) - 20% ));--awb-box-colors-hover:hsla(var(--awb-color5-h),var(--awb-color5-s),var(--awb-color5-l),calc( var(--awb-color5-a) - 20% ));--awb-box-border-color:var(--awb-color3);--awb-box-border-color-hover:var(--awb-color4);\"><div class=\"fusion-social-networks boxed-icons color-type-custom\"><div class=\"fusion-social-networks-wrapper\"><a class=\"fusion-social-network-icon fusion-tooltip fusion-linkedin awb-icon-linkedin\" style=\"color:var(--awb-color1);font-size:14px;width:14px;background-color:var(--awb-color5);border-color:var(--awb-color5);border-radius:4px;\" data-placement=\"top\" data-title=\"LinkedIn\" data-toggle=\"tooltip\" title=\"LinkedIn\" aria-label=\"linkedin\" target=\"_blank\" rel=\"noopener noreferrer\" href=\"https:\/\/cl.linkedin.com\/in\/juan-eduardo-figueroa-vald%C3%A9s-28872a34\"><\/a><\/div><\/div><\/div><div class=\"fusion-text fusion-text-1\"><p style=\"text-align: center;\">jef@fihs.cl<\/p>\n<\/div><\/div><\/div><div class=\"fusion-layout-column fusion_builder_column_inner fusion-builder-nested-column-1 fusion_builder_column_inner_2_3 2_3 fusion-flex-column fusion-flex-align-self-flex-start\" style=\"--awb-bg-size:cover;--awb-width-large:66.666666666667%;--awb-margin-top-large:0px;--awb-spacing-right-large:0px;--awb-margin-bottom-large:0px;--awb-spacing-left-large:0px;--awb-width-medium:75%;--awb-spacing-right-medium:0px;--awb-spacing-left-medium:0px;--awb-width-small:100%;--awb-spacing-right-small:0px;--awb-spacing-left-small:0px;\"><div class=\"fusion-column-wrapper fusion-column-has-shadow fusion-flex-justify-content-flex-start fusion-content-layout-column\"><div class=\"fusion-title title fusion-title-1 fusion-title-text fusion-title-size-three\" style=\"--awb-margin-bottom:20px;--awb-margin-top-small:0px;--awb-margin-right-small:0px;--awb-margin-bottom-small:20px;--awb-margin-left-small:0px;\"><div class=\"title-sep-container title-sep-container-left fusion-no-large-visibility fusion-no-medium-visibility fusion-no-small-visibility\"><div class=\"title-sep sep- sep-solid\" style=\"border-color:var(--awb-color3);\"><\/div><\/div><span class=\"awb-title-spacer fusion-no-large-visibility fusion-no-medium-visibility fusion-no-small-visibility\"><\/span><h3 class=\"fusion-title-heading title-heading-left\" style=\"margin:0;text-transform:uppercase;\"><strong>Juan Eduardo Figueroa Vald\u00e9s<\/strong><\/h3><span class=\"awb-title-spacer\"><\/span><div class=\"title-sep-container title-sep-container-right\"><div class=\"title-sep sep- sep-solid\" style=\"border-color:var(--awb-color3);\"><\/div><\/div><\/div><div class=\"fusion-text fusion-text-2\"><p>Senior Counsel<\/p>\n<p style=\"text-align: justify;\">Our firm benefits from having an outstanding lawyer and highly respected professor recognized for his impartiality and extensive experience in both academia and professional fields. This Senior Counsel maintains complete independence and professional autonomy, ensuring that his relationship with the firm represents friendship, support, and confidence in its members.<\/p>\n<\/div><div class=\"fusion-text fusion-text-3\"><p style=\"text-align: justify;\"><strong>Studies and Professional Experience<\/strong><\/p>\n<p style=\"text-align: justify;\">Degree in Law and Social Sciences, Universidad de Chile, Santiago &#8211; Chile; LL.M in International Law, Trade, Investment and International Arbitration, University of Heidelberg, Germany; Diploma on the legal regime of Public Works Concessions, Universidad del Desarrollo &#8211; Santiago &#8211; Chile; Master in Economics and Management for Lawyers (M.E.G.A.), Universidad Gabriela Mistral, Santiago &#8211; Chile. More than 35 years working in the real estate and construction area, providing legal advice in all stages of business for construction companies and companies in the real estate sector.<\/p>\n<p style=\"text-align: justify;\">He is director of real estate, service, hotel and tourism companies. He has been a member of the Chilean Supreme Court. He is President of the Legislation Commission of the Chilean Chamber of Construction. He has been legal advisor to ACOP \u2013 National Chamber of Real Estate Services AG. He is a Fellow of the Chartered Institute of Arbitrators.<\/p>\n<p style=\"text-align: justify;\">Recognized by Chambers and Partners Latin-American 2012-2023 as an outstanding professional in the real estate sector in Chile; and by the publication Who&#8217;s Who Legal: Construction 2020- 2023. Arbitrator in private and public infrastructure construction matters, especially in arbitrations managed by the ICC and the ICDR, in Colombia, Peru, Argentina, Uruguay and Chile, especially in construction, engineering and energy matters. Arbitrator in Public Works Concessions in Chile; Arbitrator of the arbitration body of the Santiago Chamber of Commerce, since 1998, acting especially in disputes relating to construction contracts, real estate and commercial matters in general, in more than 60 arbitrations; and has acted as arbitrator in disputes between private parties in civil, commercial and real estate matters, as well as arbitrator in the liquidation of inherited communities and companies. He has been Chairman of 4 panels of Dispute Boards in the mining construction industry in Chile.<\/p>\n<p style=\"text-align: justify;\"><strong>Academic experience.<\/strong><\/p>\n<p style=\"text-align: justify;\">Professor in postgraduate courses at Universidad de los Andes (Academic Director of Real Estate Law Diploma and Construction Law Diploma), lecturer at Heidelberg Center for Latin America (Arbitration), visiting professor in several courses and diploma courses on topics such as construction contracts, dispute resolution, construction arbitration and real estate issues.<\/p>\n<p style=\"text-align: justify;\"><strong>Main recent publications:<\/strong><\/p>\n<p style=\"text-align: justify;\">&#8211; \u2018The Arbitral Tribunal-appointed Expert: A Swiss Approach\u2019, Construction Disputes; International.<\/p>\n<p style=\"text-align: justify;\">&#8211; Arbitration; Switzerland, Construction Law Journal, Volume 38 No. 7, 2022;<\/p>\n<p style=\"text-align: justify;\">&#8211; \u2018Urbanism and Construction\u2019, third edition, Der Ediciones, March 2022;<\/p>\n<p style=\"text-align: justify;\">\u2018The Distribution of Risks in Collaborative Construction Contracts. Law &amp; Society&#8221;, Law and Society Magazine, Pontificia Universidad Cat\u00f3lica of Per\u00fa, 2021;<\/p>\n<p style=\"text-align: justify;\">&#8211; \u2018Construction and Arbitration\u2019, Der Ediciones, August 2019;<\/p>\n<p style=\"text-align: justify;\">&#8211; \u2018Arbitrator&#8217;s Duty of Disclosure in International Commercial Arbitration, Arbitration Magazine Universidad Austral of Buenos Aires, Argentina, 2018;<\/p>\n<p style=\"text-align: justify;\">&#8211; \u2018Chapter on Chile\u2019, from the book Anti-corruption Laws and Regulations, A Global Guide, co-authored with Sergio Huidobro Martinez, edited by Editor Roberto Hernandez Garcia, published by Globe Law and Business Ltd, 2018;<\/p>\n<p style=\"text-align: justify;\">&#8211; &#8216;The use of graduated clauses for alternative dispute resolution in construction contracts: Utility, problems and solutions&#8217;, in collective work Construction Law. Dogmatic and practical analysis, DER Ediciones, November 2017; and,<\/p>\n<p style=\"text-align: justify;\">&#8211; \u2018Emergency Arbitration: Its Usefulness and Future Perspectives\u2019, Argentine Arbitration Magazine No. 1, October 2017;<\/p>\n<\/div><div class=\"fusion-text fusion-text-4\"><p><strong>Trade union activities and affiliations:<\/strong><\/p>\n<p style=\"text-align: justify;\">Former Vice-President of the Chilean Society of Construction Law; Member of the International Academy of Construction Lawyers; Member of the Latin American Group of the ICC (International Chamber of Commerce); Chilean Bar Association (former counsel); Chilean Chamber of Construction (President Legislation Commission); Interamerican Bar Association (former counsel); Brazilian Institute of Construction Law (IBDIc); and Dispute Resolution Board Foundation (DRBF); Member of the Spanish and Iberoamerican Arbitration Club and Representative of the CChC before the Civil Society Council of the General Comptroller of the Republic.<\/p>\n<\/div><div class=\"fusion-text fusion-text-5\"><h3 style=\"text-align: center;\"><strong>Assistant:<\/strong><\/h3>\n<p style=\"text-align: center;\">Peggy D\u00edaz<br \/>\n<a href=\"mailto:grupofig@fihs.cl\"><span style=\"color: #ffffff;\">grupofig@fihs.cl<\/span><\/a><br \/>\n<span style=\"color: #ffffff;\"><a style=\"color: #ffffff;\" href=\"tel:+56228975209\">+56228975209<\/a><\/span><\/p>\n<\/div><div ><a class=\"fusion-button button-flat fusion-button-default-size button-default fusion-button-default button-1 fusion-button-default-span fusion-button-default-type\" target=\"_self\" href=\"https:\/\/www.fihsabogados.cl\/english\/attorneys-at-law\/\"><span class=\"fusion-button-text awb-button__text awb-button__text--default\">ATTORNEYS AT LAW<\/span><\/a><\/div><\/div><\/div><\/div><\/div><\/div><\/div><\/div>\n","protected":false},"excerpt":{"rendered":"","protected":false},"author":1,"featured_media":0,"parent":15120,"menu_order":2,"comment_status":"open","ping_status":"closed","template":"100-width.php","meta":{"footnotes":""},"class_list":["post-15707","page","type-page","status-publish","hentry"],"yoast_head":"<!-- This site is optimized with the Yoast SEO plugin v27.5 - https:\/\/yoast.com\/product\/yoast-seo-wordpress\/ -->\n<title>Juan Eduardo Figuera Vald\u00e9s, Licenciado en Ciencias Jur\u00eddicas<\/title>\n<meta name=\"description\" content=\"Licenciado en Ciencias Jur\u00eddicas y Sociales, Universidad de Chile, Santiago \u2013 Chile; LL.M en Derecho Internacional, Comercio, Inversiones\" \/>\n<meta name=\"robots\" content=\"index, follow, max-snippet:-1, max-image-preview:large, max-video-preview:-1\" \/>\n<link rel=\"canonical\" href=\"https:\/\/www.fihsabogados.cl\/english\/attorneys-at-law\/juan-eduardo-figuera-valdes\/\" \/>\n<meta property=\"og:locale\" content=\"en_US\" \/>\n<meta property=\"og:type\" content=\"article\" \/>\n<meta property=\"og:title\" content=\"Juan Eduardo Figuera Vald\u00e9s, Licenciado en Ciencias Jur\u00eddicas\" \/>\n<meta property=\"og:description\" content=\"Licenciado en Ciencias Jur\u00eddicas y Sociales, Universidad de Chile, Santiago \u2013 Chile; LL.M en Derecho Internacional, Comercio, Inversiones\" \/>\n<meta property=\"og:url\" content=\"https:\/\/www.fihsabogados.cl\/english\/attorneys-at-law\/juan-eduardo-figuera-valdes\/\" \/>\n<meta property=\"og:site_name\" content=\"FIHS is a law firm founded\" \/>\n<meta property=\"article:modified_time\" content=\"2025-03-18T18:20:42+00:00\" \/>\n<meta name=\"twitter:card\" content=\"summary_large_image\" \/>\n<meta name=\"twitter:label1\" content=\"Est. reading time\" \/>\n\t<meta name=\"twitter:data1\" content=\"4 minutes\" \/>\n<script type=\"application\/ld+json\" class=\"yoast-schema-graph\">{\"@context\":\"https:\\\/\\\/schema.org\",\"@graph\":[{\"@type\":\"WebPage\",\"@id\":\"https:\\\/\\\/www.fihsabogados.cl\\\/english\\\/attorneys-at-law\\\/juan-eduardo-figuera-valdes\\\/\",\"url\":\"https:\\\/\\\/www.fihsabogados.cl\\\/english\\\/attorneys-at-law\\\/juan-eduardo-figuera-valdes\\\/\",\"name\":\"Juan Eduardo Figuera Vald\u00e9s, Licenciado en Ciencias Jur\u00eddicas\",\"isPartOf\":{\"@id\":\"https:\\\/\\\/www.fihsabogados.cl\\\/english\\\/#website\"},\"datePublished\":\"2023-11-12T16:32:39+00:00\",\"dateModified\":\"2025-03-18T18:20:42+00:00\",\"description\":\"Licenciado en Ciencias Jur\u00eddicas y Sociales, Universidad de Chile, Santiago \u2013 Chile; LL.M en Derecho Internacional, Comercio, Inversiones\",\"breadcrumb\":{\"@id\":\"https:\\\/\\\/www.fihsabogados.cl\\\/english\\\/attorneys-at-law\\\/juan-eduardo-figuera-valdes\\\/#breadcrumb\"},\"inLanguage\":\"en-US\",\"potentialAction\":[{\"@type\":\"ReadAction\",\"target\":[\"https:\\\/\\\/www.fihsabogados.cl\\\/english\\\/attorneys-at-law\\\/juan-eduardo-figuera-valdes\\\/\"]}]},{\"@type\":\"BreadcrumbList\",\"@id\":\"https:\\\/\\\/www.fihsabogados.cl\\\/english\\\/attorneys-at-law\\\/juan-eduardo-figuera-valdes\\\/#breadcrumb\",\"itemListElement\":[{\"@type\":\"ListItem\",\"position\":1,\"name\":\"Portada\",\"item\":\"https:\\\/\\\/www.fihsabogados.cl\\\/english\\\/\"},{\"@type\":\"ListItem\",\"position\":2,\"name\":\"ATTORNEYS AT LAW\",\"item\":\"https:\\\/\\\/www.fihsabogados.cl\\\/english\\\/attorneys-at-law\\\/\"},{\"@type\":\"ListItem\",\"position\":3,\"name\":\"Juan Eduardo Figueroa Vald\u00e9s\"}]},{\"@type\":\"WebSite\",\"@id\":\"https:\\\/\\\/www.fihsabogados.cl\\\/english\\\/#website\",\"url\":\"https:\\\/\\\/www.fihsabogados.cl\\\/english\\\/\",\"name\":\"FIHS is a law firm founded\",\"description\":\"ATTORNEYS AT LAW\",\"potentialAction\":[{\"@type\":\"SearchAction\",\"target\":{\"@type\":\"EntryPoint\",\"urlTemplate\":\"https:\\\/\\\/www.fihsabogados.cl\\\/english\\\/?s={search_term_string}\"},\"query-input\":{\"@type\":\"PropertyValueSpecification\",\"valueRequired\":true,\"valueName\":\"search_term_string\"}}],\"inLanguage\":\"en-US\"}]}<\/script>\n<!-- \/ Yoast SEO plugin. -->","yoast_head_json":{"title":"Juan Eduardo Figuera Vald\u00e9s, Licenciado en Ciencias Jur\u00eddicas","description":"Licenciado en Ciencias Jur\u00eddicas y Sociales, Universidad de Chile, Santiago \u2013 Chile; LL.M en Derecho Internacional, Comercio, Inversiones","robots":{"index":"index","follow":"follow","max-snippet":"max-snippet:-1","max-image-preview":"max-image-preview:large","max-video-preview":"max-video-preview:-1"},"canonical":"https:\/\/www.fihsabogados.cl\/english\/attorneys-at-law\/juan-eduardo-figuera-valdes\/","og_locale":"en_US","og_type":"article","og_title":"Juan Eduardo Figuera Vald\u00e9s, Licenciado en Ciencias Jur\u00eddicas","og_description":"Licenciado en Ciencias Jur\u00eddicas y Sociales, Universidad de Chile, Santiago \u2013 Chile; LL.M en Derecho Internacional, Comercio, Inversiones","og_url":"https:\/\/www.fihsabogados.cl\/english\/attorneys-at-law\/juan-eduardo-figuera-valdes\/","og_site_name":"FIHS is a law firm founded","article_modified_time":"2025-03-18T18:20:42+00:00","twitter_card":"summary_large_image","twitter_misc":{"Est. reading time":"4 minutes"},"schema":{"@context":"https:\/\/schema.org","@graph":[{"@type":"WebPage","@id":"https:\/\/www.fihsabogados.cl\/english\/attorneys-at-law\/juan-eduardo-figuera-valdes\/","url":"https:\/\/www.fihsabogados.cl\/english\/attorneys-at-law\/juan-eduardo-figuera-valdes\/","name":"Juan Eduardo Figuera Vald\u00e9s, Licenciado en Ciencias Jur\u00eddicas","isPartOf":{"@id":"https:\/\/www.fihsabogados.cl\/english\/#website"},"datePublished":"2023-11-12T16:32:39+00:00","dateModified":"2025-03-18T18:20:42+00:00","description":"Licenciado en Ciencias Jur\u00eddicas y Sociales, Universidad de Chile, Santiago \u2013 Chile; LL.M en Derecho Internacional, Comercio, Inversiones","breadcrumb":{"@id":"https:\/\/www.fihsabogados.cl\/english\/attorneys-at-law\/juan-eduardo-figuera-valdes\/#breadcrumb"},"inLanguage":"en-US","potentialAction":[{"@type":"ReadAction","target":["https:\/\/www.fihsabogados.cl\/english\/attorneys-at-law\/juan-eduardo-figuera-valdes\/"]}]},{"@type":"BreadcrumbList","@id":"https:\/\/www.fihsabogados.cl\/english\/attorneys-at-law\/juan-eduardo-figuera-valdes\/#breadcrumb","itemListElement":[{"@type":"ListItem","position":1,"name":"Portada","item":"https:\/\/www.fihsabogados.cl\/english\/"},{"@type":"ListItem","position":2,"name":"ATTORNEYS AT LAW","item":"https:\/\/www.fihsabogados.cl\/english\/attorneys-at-law\/"},{"@type":"ListItem","position":3,"name":"Juan Eduardo Figueroa Vald\u00e9s"}]},{"@type":"WebSite","@id":"https:\/\/www.fihsabogados.cl\/english\/#website","url":"https:\/\/www.fihsabogados.cl\/english\/","name":"FIHS is a law firm founded","description":"ATTORNEYS AT LAW","potentialAction":[{"@type":"SearchAction","target":{"@type":"EntryPoint","urlTemplate":"https:\/\/www.fihsabogados.cl\/english\/?s={search_term_string}"},"query-input":{"@type":"PropertyValueSpecification","valueRequired":true,"valueName":"search_term_string"}}],"inLanguage":"en-US"}]}},"_links":{"self":[{"href":"https:\/\/www.fihsabogados.cl\/english\/wp-json\/wp\/v2\/pages\/15707","targetHints":{"allow":["GET"]}}],"collection":[{"href":"https:\/\/www.fihsabogados.cl\/english\/wp-json\/wp\/v2\/pages"}],"about":[{"href":"https:\/\/www.fihsabogados.cl\/english\/wp-json\/wp\/v2\/types\/page"}],"author":[{"embeddable":true,"href":"https:\/\/www.fihsabogados.cl\/english\/wp-json\/wp\/v2\/users\/1"}],"replies":[{"embeddable":true,"href":"https:\/\/www.fihsabogados.cl\/english\/wp-json\/wp\/v2\/comments?post=15707"}],"version-history":[{"count":11,"href":"https:\/\/www.fihsabogados.cl\/english\/wp-json\/wp\/v2\/pages\/15707\/revisions"}],"predecessor-version":[{"id":17248,"href":"https:\/\/www.fihsabogados.cl\/english\/wp-json\/wp\/v2\/pages\/15707\/revisions\/17248"}],"up":[{"embeddable":true,"href":"https:\/\/www.fihsabogados.cl\/english\/wp-json\/wp\/v2\/pages\/15120"}],"wp:attachment":[{"href":"https:\/\/www.fihsabogados.cl\/english\/wp-json\/wp\/v2\/media?parent=15707"}],"curies":[{"name":"wp","href":"https:\/\/api.w.org\/{rel}","templated":true}]}}