{"id":15713,"date":"2023-11-12T16:43:55","date_gmt":"2023-11-12T16:43:55","guid":{"rendered":"https:\/\/www.fihsabogados.cl\/wp\/?page_id=15713"},"modified":"2025-01-30T15:56:03","modified_gmt":"2025-01-30T15:56:03","slug":"sergio-huidobro-corbett","status":"publish","type":"page","link":"https:\/\/www.fihsabogados.cl\/english\/attorneys-at-law\/sergio-huidobro-corbett\/","title":{"rendered":"Sergio Huidobro Corbett"},"content":{"rendered":"<p><div class=\"fusion-fullwidth fullwidth-box fusion-builder-row-1 fusion-flex-container has-pattern-background has-mask-background nonhundred-percent-fullwidth non-hundred-percent-height-scrolling abogado\" style=\"--link_color: var(--awb-color2);--awb-background-position:left top;--awb-border-sizes-top:0px;--awb-border-sizes-bottom:0px;--awb-border-sizes-left:0px;--awb-border-sizes-right:0px;--awb-border-radius-top-left:0px;--awb-border-radius-top-right:0px;--awb-border-radius-bottom-right:0px;--awb-border-radius-bottom-left:0px;--awb-padding-top:110px;--awb-padding-bottom:90px;--awb-padding-top-medium:72px;--awb-padding-bottom-medium:62px;--awb-background-color:var(--awb-color2);--awb-flex-wrap:wrap;\" ><div class=\"fusion-builder-row fusion-row fusion-flex-align-items-flex-start fusion-flex-content-wrap\" style=\"max-width:calc( 1170px + 0px );margin-left: calc(-0px \/ 2 );margin-right: calc(-0px \/ 2 );\"><div class=\"fusion-layout-column fusion_builder_column fusion-builder-column-0 fusion_builder_column_1_1 1_1 fusion-flex-column fusion-flex-align-self-flex-start fusion-column-no-min-height\" style=\"--awb-bg-color:var(--awb-color2);--awb-bg-color-hover:var(--awb-color2);--awb-bg-blend:overlay;--awb-bg-size:cover;--awb-width-large:100%;--awb-margin-top-large:0px;--awb-spacing-right-large:0px;--awb-margin-bottom-large:0px;--awb-spacing-left-large:0px;--awb-width-medium:100%;--awb-spacing-right-medium:0px;--awb-spacing-left-medium:0px;--awb-width-small:100%;--awb-spacing-right-small:0px;--awb-spacing-left-small:0px;\"><div class=\"fusion-column-wrapper fusion-flex-justify-content-flex-start fusion-content-layout-column\"><div class=\"fusion-separator fusion-full-width-sep\" style=\"align-self: center;margin-left: auto;margin-right: auto;width:100%;\"><\/div><\/div><\/div><div class=\"fusion-layout-column fusion_builder_column fusion-builder-column-1 fusion_builder_column_1_1 1_1 fusion-flex-column green-border rounded-border\" style=\"--awb-padding-top:60px;--awb-padding-right:60px;--awb-padding-bottom:50px;--awb-padding-left:60px;--awb-bg-color:var(--awb-color1);--awb-bg-color-hover:var(--awb-color1);--awb-bg-size:cover;--awb-border-color:var(--awb-color2);--awb-border-top:1px;--awb-border-right:1px;--awb-border-bottom:1px;--awb-border-left:1px;--awb-border-style:solid;--awb-width-large:100%;--awb-margin-top-large:0px;--awb-spacing-right-large:0px;--awb-margin-bottom-large:20px;--awb-spacing-left-large:0px;--awb-width-medium:100%;--awb-spacing-right-medium:0px;--awb-spacing-left-medium:0px;--awb-width-small:100%;--awb-spacing-right-small:0px;--awb-spacing-left-small:0px;\"><div class=\"fusion-column-wrapper fusion-flex-justify-content-center fusion-content-layout-column\"><div class=\"fusion-builder-row fusion-builder-row-inner fusion-row fusion-flex-align-items-flex-start fusion-flex-content-wrap\" style=\"--awb-flex-grow:0;--awb-flex-grow-medium:0;--awb-flex-grow-small:0;--awb-flex-shrink:0;--awb-flex-shrink-medium:0;--awb-flex-shrink-small:0;width:calc( 100% + 0px ) !important;max-width:calc( 100% + 0px ) !important;margin-left: calc(-0px \/ 2 );margin-right: calc(-0px \/ 2 );\"><div class=\"fusion-layout-column fusion_builder_column_inner fusion-builder-nested-column-0 fusion_builder_column_inner_1_3 1_3 fusion-flex-column\" style=\"--awb-bg-size:cover;--awb-width-large:33.333333333333%;--awb-margin-top-large:0px;--awb-spacing-right-large:0px;--awb-margin-bottom-large:20px;--awb-spacing-left-large:0px;--awb-width-medium:25%;--awb-spacing-right-medium:0px;--awb-spacing-left-medium:0px;--awb-width-small:100%;--awb-spacing-right-small:0px;--awb-spacing-left-small:0px;\"><div class=\"fusion-column-wrapper fusion-column-has-shadow fusion-flex-justify-content-flex-start fusion-content-layout-column\"><div class=\"fusion-image-element \" style=\"--awb-margin-right:30px;--awb-max-width:300px;--awb-caption-title-font-family:var(--h2_typography-font-family);--awb-caption-title-font-weight:var(--h2_typography-font-weight);--awb-caption-title-font-style:var(--h2_typography-font-style);--awb-caption-title-size:var(--h2_typography-font-size);--awb-caption-title-transform:var(--h2_typography-text-transform);--awb-caption-title-line-height:var(--h2_typography-line-height);--awb-caption-title-letter-spacing:var(--h2_typography-letter-spacing);\"><span class=\" fusion-imageframe imageframe-none imageframe-1 hover-type-none\"><img decoding=\"async\" width=\"400\" height=\"600\" alt=\"JUAN EDUARDO FIGUEROA GUZM\u00c1N\" title=\"SERGIO-HUIDOBRO-CORBETT\" src=\"https:\/\/www.fihsabogados.cl\/english\/wp-content\/uploads\/2024\/06\/SERGIO-HUIDOBRO-CORBETT.jpg\" data-orig-src=\"https:\/\/www.fihsabogados.cl\/english\/wp-content\/uploads\/2024\/06\/SERGIO-HUIDOBRO-CORBETT.jpg\" class=\"lazyload img-responsive wp-image-17157\" srcset=\"data:image\/svg+xml,%3Csvg%20xmlns%3D%27http%3A%2F%2Fwww.w3.org%2F2000%2Fsvg%27%20width%3D%27400%27%20height%3D%27600%27%20viewBox%3D%270%200%20400%20600%27%3E%3Crect%20width%3D%27400%27%20height%3D%27600%27%20fill-opacity%3D%220%22%2F%3E%3C%2Fsvg%3E\" data-srcset=\"https:\/\/www.fihsabogados.cl\/english\/wp-content\/uploads\/2024\/06\/SERGIO-HUIDOBRO-CORBETT-200x300.jpg 200w, https:\/\/www.fihsabogados.cl\/english\/wp-content\/uploads\/2024\/06\/SERGIO-HUIDOBRO-CORBETT.jpg 400w\" data-sizes=\"auto\" data-orig-sizes=\"(max-width: 1024px) 100vw, (max-width: 850px) 100vw, 400px\" \/><\/span><\/div><div class=\"fusion-text fusion-text-1\"><p style=\"text-align: center;\">sehc@fihs.cl<\/p>\n<\/div><\/div><\/div><div class=\"fusion-layout-column fusion_builder_column_inner fusion-builder-nested-column-1 fusion_builder_column_inner_2_3 2_3 fusion-flex-column fusion-flex-align-self-flex-start\" style=\"--awb-bg-size:cover;--awb-width-large:66.666666666667%;--awb-margin-top-large:0px;--awb-spacing-right-large:0px;--awb-margin-bottom-large:0px;--awb-spacing-left-large:0px;--awb-width-medium:75%;--awb-spacing-right-medium:0px;--awb-spacing-left-medium:0px;--awb-width-small:100%;--awb-spacing-right-small:0px;--awb-spacing-left-small:0px;\"><div class=\"fusion-column-wrapper fusion-column-has-shadow fusion-flex-justify-content-flex-start fusion-content-layout-column\"><div class=\"fusion-title title fusion-title-1 fusion-title-text fusion-title-size-three\" style=\"--awb-margin-bottom:20px;--awb-margin-top-small:0px;--awb-margin-right-small:0px;--awb-margin-bottom-small:20px;--awb-margin-left-small:0px;\"><div class=\"title-sep-container title-sep-container-left fusion-no-large-visibility fusion-no-medium-visibility fusion-no-small-visibility\"><div class=\"title-sep sep- sep-solid\" style=\"border-color:var(--awb-color3);\"><\/div><\/div><span class=\"awb-title-spacer fusion-no-large-visibility fusion-no-medium-visibility fusion-no-small-visibility\"><\/span><h3 class=\"fusion-title-heading title-heading-left\" style=\"margin:0;text-transform:uppercase;\"><strong>Sergio Huidobro Corbett<\/strong><\/h3><span class=\"awb-title-spacer\"><\/span><div class=\"title-sep-container title-sep-container-right\"><div class=\"title-sep sep- sep-solid\" style=\"border-color:var(--awb-color3);\"><\/div><\/div><\/div><div class=\"fusion-separator fusion-no-medium-visibility fusion-full-width-sep\" style=\"align-self: center;margin-left: auto;margin-right: auto;flex-grow:3;width:100%;\"><\/div><div class=\"fusion-text fusion-text-2\"><p style=\"text-align: justify;\"><strong>STUDIES AND PROFESSIONAL EXPERIENCE:<\/strong><\/p>\n<p style=\"text-align: justify;\">Lawyer, Catholic University of Chile. Postgraduate degree in Economic Specialization for Lawyers, Faculty of Economics of the University of Chile. Postgraduate degree in Finance for Lawyers, Faculty of Economics of the University of Chile. During all these years he has exercised his function before the Courts of Justice, including before the Court of Appeals and Supreme Court, mainly in criminal and Commerce matters. Former President of the Inter-American Federation of Lawyers (FIA). Director of several companies and Legal Advisor of companies. Arbitrator at the Arbitration and Mediation Center of the Chamber of Commerce of Santiago de Chile; Arbitrator of the Association of Property Brokers of Santiago de Chile (ACOP). Arbitrator of the International Center for Dispute Resolution (ICDR), the International Division of the American Arbitration Association. President of the Chilean-Singapore Chamber of Commerce, Services and Tourism.<\/p>\n<p style=\"text-align: justify;\"><strong>ACADEMIC EXPERIENCE:<\/strong><\/p>\n<p style=\"text-align: justify;\">2010-2012. Professor of International Trade and International Arbitration at the University of Las Am\u00e9ricas.<\/p>\n<p style=\"text-align: justify;\"><strong>PUBLICATIONS:<\/strong><\/p>\n<p style=\"text-align: justify;\">Justice and Economy, published in the Business Law Magazine Oct-Dec. 2005.- Costs and the obligation to pay them in International Arbitration.-Company Law Magazine No. 11, Sep.2007.<\/p>\n<p style=\"text-align: justify;\"><strong>AFFILIATIONS:<\/strong><\/p>\n<p style=\"text-align: justify;\">Member of the Executive Committee of the Inter-American Federation of Lawyers (FIA) and the Chilean Bar Association A.G.<\/p>\n<p style=\"text-align: justify;\">Member of the Communal Council of Civil Society Organizations (COSOC) of the Illustrious Municipality of Las Condes.<\/p>\n<\/div><div class=\"fusion-text fusion-text-3\"><h3 style=\"text-align: center;\"><strong>Asistente:<\/strong><\/h3>\n<p style=\"text-align: center;\">Susana Radic<br \/>\n<span style=\"color: #ffffff;\"><a style=\"color: #ffffff;\" href=\"mailto:sradic@fihs.cl\">sradic@fihs.cl<\/a><\/span><br \/>\n<span style=\"color: #ffffff;\"><a style=\"color: #ffffff;\" href=\"tel:+56228975211\">+56228975211<\/a><\/span><\/p>\n<\/div><div ><a class=\"fusion-button button-flat button-small button-default fusion-button-default button-1 fusion-button-default-span fusion-button-default-type\" target=\"_self\" href=\"https:\/\/www.fihsabogados.cl\/english\/attorneys-at-law\/\"><span class=\"fusion-button-text awb-button__text awb-button__text--default\">ATTORNEYS AT LAW<\/span><\/a><\/div><\/div><\/div><\/div><\/div><\/div><\/div><\/div><div class=\"fusion-fullwidth fullwidth-box fusion-builder-row-2 fusion-flex-container has-pattern-background has-mask-background nonhundred-percent-fullwidth non-hundred-percent-height-scrolling\" style=\"--awb-border-radius-top-left:0px;--awb-border-radius-top-right:0px;--awb-border-radius-bottom-right:0px;--awb-border-radius-bottom-left:0px;--awb-flex-wrap:wrap;\" ><div class=\"fusion-builder-row fusion-row fusion-flex-align-items-flex-start fusion-flex-content-wrap\" style=\"max-width:1216.8px;margin-left: calc(-4% \/ 2 );margin-right: calc(-4% \/ 2 );\"><div class=\"fusion-layout-column fusion_builder_column fusion-builder-column-2 fusion_builder_column_1_3 1_3 fusion-flex-column\" style=\"--awb-bg-size:cover;--awb-width-large:33.333333333333%;--awb-margin-top-large:0px;--awb-spacing-right-large:5.76%;--awb-margin-bottom-large:20px;--awb-spacing-left-large:5.76%;--awb-width-medium:100%;--awb-order-medium:0;--awb-spacing-right-medium:1.92%;--awb-spacing-left-medium:1.92%;--awb-width-small:100%;--awb-order-small:0;--awb-spacing-right-small:1.92%;--awb-spacing-left-small:1.92%;\"><div class=\"fusion-column-wrapper fusion-column-has-shadow fusion-flex-justify-content-flex-start fusion-content-layout-column\"><\/div><\/div><div class=\"fusion-layout-column fusion_builder_column fusion-builder-column-3 fusion_builder_column_1_3 1_3 fusion-flex-column\" style=\"--awb-bg-size:cover;--awb-width-large:33.333333333333%;--awb-margin-top-large:0px;--awb-spacing-right-large:5.76%;--awb-margin-bottom-large:20px;--awb-spacing-left-large:5.76%;--awb-width-medium:100%;--awb-order-medium:0;--awb-spacing-right-medium:1.92%;--awb-spacing-left-medium:1.92%;--awb-width-small:100%;--awb-order-small:0;--awb-spacing-right-small:1.92%;--awb-spacing-left-small:1.92%;\"><div class=\"fusion-column-wrapper fusion-column-has-shadow fusion-flex-justify-content-flex-start fusion-content-layout-column\"><\/div><\/div><div class=\"fusion-layout-column fusion_builder_column fusion-builder-column-4 fusion_builder_column_1_3 1_3 fusion-flex-column\" style=\"--awb-bg-size:cover;--awb-width-large:33.333333333333%;--awb-margin-top-large:0px;--awb-spacing-right-large:5.76%;--awb-margin-bottom-large:20px;--awb-spacing-left-large:5.76%;--awb-width-medium:100%;--awb-order-medium:0;--awb-spacing-right-medium:1.92%;--awb-spacing-left-medium:1.92%;--awb-width-small:100%;--awb-order-small:0;--awb-spacing-right-small:1.92%;--awb-spacing-left-small:1.92%;\"><div class=\"fusion-column-wrapper fusion-column-has-shadow fusion-flex-justify-content-flex-start fusion-content-layout-column\"><\/div><\/div><\/div><\/div><\/p>\n","protected":false},"excerpt":{"rendered":"","protected":false},"author":1,"featured_media":0,"parent":15120,"menu_order":1,"comment_status":"open","ping_status":"closed","template":"100-width.php","meta":{"footnotes":""},"class_list":["post-15713","page","type-page","status-publish","hentry"],"yoast_head":"<!-- This site is optimized with the Yoast SEO plugin v27.5 - https:\/\/yoast.com\/product\/yoast-seo-wordpress\/ -->\n<title>Sergio Huidobro Corbett, Abogado, Universidad Cat\u00f3lica de Chile<\/title>\n<meta name=\"description\" content=\"Sergio Huidobro Corbett, Abogado, Universidad Cat\u00f3lica de Chile. Post grado en Especializaci\u00f3n Econ\u00f3mica para Abogados\" \/>\n<meta name=\"robots\" content=\"index, follow, max-snippet:-1, max-image-preview:large, max-video-preview:-1\" \/>\n<link rel=\"canonical\" href=\"https:\/\/www.fihsabogados.cl\/english\/attorneys-at-law\/sergio-huidobro-corbett\/\" \/>\n<meta property=\"og:locale\" content=\"en_US\" \/>\n<meta property=\"og:type\" content=\"article\" \/>\n<meta property=\"og:title\" content=\"Sergio Huidobro Corbett, Abogado, Universidad Cat\u00f3lica de Chile\" \/>\n<meta property=\"og:description\" content=\"Sergio Huidobro Corbett, Abogado, Universidad Cat\u00f3lica de Chile. Post grado en Especializaci\u00f3n Econ\u00f3mica para Abogados\" \/>\n<meta property=\"og:url\" content=\"https:\/\/www.fihsabogados.cl\/english\/attorneys-at-law\/sergio-huidobro-corbett\/\" \/>\n<meta property=\"og:site_name\" content=\"FIHS is a law firm founded\" \/>\n<meta property=\"article:modified_time\" content=\"2025-01-30T15:56:03+00:00\" \/>\n<meta name=\"twitter:card\" content=\"summary_large_image\" \/>\n<meta name=\"twitter:label1\" content=\"Est. reading time\" \/>\n\t<meta name=\"twitter:data1\" content=\"2 minutes\" \/>\n<script type=\"application\/ld+json\" class=\"yoast-schema-graph\">{\"@context\":\"https:\\\/\\\/schema.org\",\"@graph\":[{\"@type\":\"WebPage\",\"@id\":\"https:\\\/\\\/www.fihsabogados.cl\\\/english\\\/attorneys-at-law\\\/sergio-huidobro-corbett\\\/\",\"url\":\"https:\\\/\\\/www.fihsabogados.cl\\\/english\\\/attorneys-at-law\\\/sergio-huidobro-corbett\\\/\",\"name\":\"Sergio Huidobro Corbett, Abogado, Universidad Cat\u00f3lica de Chile\",\"isPartOf\":{\"@id\":\"https:\\\/\\\/www.fihsabogados.cl\\\/english\\\/#website\"},\"datePublished\":\"2023-11-12T16:43:55+00:00\",\"dateModified\":\"2025-01-30T15:56:03+00:00\",\"description\":\"Sergio Huidobro Corbett, Abogado, Universidad Cat\u00f3lica de Chile. Post grado en Especializaci\u00f3n Econ\u00f3mica para Abogados\",\"breadcrumb\":{\"@id\":\"https:\\\/\\\/www.fihsabogados.cl\\\/english\\\/attorneys-at-law\\\/sergio-huidobro-corbett\\\/#breadcrumb\"},\"inLanguage\":\"en-US\",\"potentialAction\":[{\"@type\":\"ReadAction\",\"target\":[\"https:\\\/\\\/www.fihsabogados.cl\\\/english\\\/attorneys-at-law\\\/sergio-huidobro-corbett\\\/\"]}]},{\"@type\":\"BreadcrumbList\",\"@id\":\"https:\\\/\\\/www.fihsabogados.cl\\\/english\\\/attorneys-at-law\\\/sergio-huidobro-corbett\\\/#breadcrumb\",\"itemListElement\":[{\"@type\":\"ListItem\",\"position\":1,\"name\":\"Portada\",\"item\":\"https:\\\/\\\/www.fihsabogados.cl\\\/english\\\/\"},{\"@type\":\"ListItem\",\"position\":2,\"name\":\"ATTORNEYS AT LAW\",\"item\":\"https:\\\/\\\/www.fihsabogados.cl\\\/english\\\/attorneys-at-law\\\/\"},{\"@type\":\"ListItem\",\"position\":3,\"name\":\"Sergio Huidobro Corbett\"}]},{\"@type\":\"WebSite\",\"@id\":\"https:\\\/\\\/www.fihsabogados.cl\\\/english\\\/#website\",\"url\":\"https:\\\/\\\/www.fihsabogados.cl\\\/english\\\/\",\"name\":\"FIHS is a law firm founded\",\"description\":\"ATTORNEYS AT LAW\",\"potentialAction\":[{\"@type\":\"SearchAction\",\"target\":{\"@type\":\"EntryPoint\",\"urlTemplate\":\"https:\\\/\\\/www.fihsabogados.cl\\\/english\\\/?s={search_term_string}\"},\"query-input\":{\"@type\":\"PropertyValueSpecification\",\"valueRequired\":true,\"valueName\":\"search_term_string\"}}],\"inLanguage\":\"en-US\"}]}<\/script>\n<!-- \/ Yoast SEO plugin. -->","yoast_head_json":{"title":"Sergio Huidobro Corbett, Abogado, Universidad Cat\u00f3lica de Chile","description":"Sergio Huidobro Corbett, Abogado, Universidad Cat\u00f3lica de Chile. Post grado en Especializaci\u00f3n Econ\u00f3mica para Abogados","robots":{"index":"index","follow":"follow","max-snippet":"max-snippet:-1","max-image-preview":"max-image-preview:large","max-video-preview":"max-video-preview:-1"},"canonical":"https:\/\/www.fihsabogados.cl\/english\/attorneys-at-law\/sergio-huidobro-corbett\/","og_locale":"en_US","og_type":"article","og_title":"Sergio Huidobro Corbett, Abogado, Universidad Cat\u00f3lica de Chile","og_description":"Sergio Huidobro Corbett, Abogado, Universidad Cat\u00f3lica de Chile. Post grado en Especializaci\u00f3n Econ\u00f3mica para Abogados","og_url":"https:\/\/www.fihsabogados.cl\/english\/attorneys-at-law\/sergio-huidobro-corbett\/","og_site_name":"FIHS is a law firm founded","article_modified_time":"2025-01-30T15:56:03+00:00","twitter_card":"summary_large_image","twitter_misc":{"Est. reading time":"2 minutes"},"schema":{"@context":"https:\/\/schema.org","@graph":[{"@type":"WebPage","@id":"https:\/\/www.fihsabogados.cl\/english\/attorneys-at-law\/sergio-huidobro-corbett\/","url":"https:\/\/www.fihsabogados.cl\/english\/attorneys-at-law\/sergio-huidobro-corbett\/","name":"Sergio Huidobro Corbett, Abogado, Universidad Cat\u00f3lica de Chile","isPartOf":{"@id":"https:\/\/www.fihsabogados.cl\/english\/#website"},"datePublished":"2023-11-12T16:43:55+00:00","dateModified":"2025-01-30T15:56:03+00:00","description":"Sergio Huidobro Corbett, Abogado, Universidad Cat\u00f3lica de Chile. Post grado en Especializaci\u00f3n Econ\u00f3mica para Abogados","breadcrumb":{"@id":"https:\/\/www.fihsabogados.cl\/english\/attorneys-at-law\/sergio-huidobro-corbett\/#breadcrumb"},"inLanguage":"en-US","potentialAction":[{"@type":"ReadAction","target":["https:\/\/www.fihsabogados.cl\/english\/attorneys-at-law\/sergio-huidobro-corbett\/"]}]},{"@type":"BreadcrumbList","@id":"https:\/\/www.fihsabogados.cl\/english\/attorneys-at-law\/sergio-huidobro-corbett\/#breadcrumb","itemListElement":[{"@type":"ListItem","position":1,"name":"Portada","item":"https:\/\/www.fihsabogados.cl\/english\/"},{"@type":"ListItem","position":2,"name":"ATTORNEYS AT LAW","item":"https:\/\/www.fihsabogados.cl\/english\/attorneys-at-law\/"},{"@type":"ListItem","position":3,"name":"Sergio Huidobro Corbett"}]},{"@type":"WebSite","@id":"https:\/\/www.fihsabogados.cl\/english\/#website","url":"https:\/\/www.fihsabogados.cl\/english\/","name":"FIHS is a law firm founded","description":"ATTORNEYS AT LAW","potentialAction":[{"@type":"SearchAction","target":{"@type":"EntryPoint","urlTemplate":"https:\/\/www.fihsabogados.cl\/english\/?s={search_term_string}"},"query-input":{"@type":"PropertyValueSpecification","valueRequired":true,"valueName":"search_term_string"}}],"inLanguage":"en-US"}]}},"_links":{"self":[{"href":"https:\/\/www.fihsabogados.cl\/english\/wp-json\/wp\/v2\/pages\/15713","targetHints":{"allow":["GET"]}}],"collection":[{"href":"https:\/\/www.fihsabogados.cl\/english\/wp-json\/wp\/v2\/pages"}],"about":[{"href":"https:\/\/www.fihsabogados.cl\/english\/wp-json\/wp\/v2\/types\/page"}],"author":[{"embeddable":true,"href":"https:\/\/www.fihsabogados.cl\/english\/wp-json\/wp\/v2\/users\/1"}],"replies":[{"embeddable":true,"href":"https:\/\/www.fihsabogados.cl\/english\/wp-json\/wp\/v2\/comments?post=15713"}],"version-history":[{"count":6,"href":"https:\/\/www.fihsabogados.cl\/english\/wp-json\/wp\/v2\/pages\/15713\/revisions"}],"predecessor-version":[{"id":17219,"href":"https:\/\/www.fihsabogados.cl\/english\/wp-json\/wp\/v2\/pages\/15713\/revisions\/17219"}],"up":[{"embeddable":true,"href":"https:\/\/www.fihsabogados.cl\/english\/wp-json\/wp\/v2\/pages\/15120"}],"wp:attachment":[{"href":"https:\/\/www.fihsabogados.cl\/english\/wp-json\/wp\/v2\/media?parent=15713"}],"curies":[{"name":"wp","href":"https:\/\/api.w.org\/{rel}","templated":true}]}}