{"id":15719,"date":"2023-11-12T16:46:06","date_gmt":"2023-11-12T16:46:06","guid":{"rendered":"https:\/\/www.fihsabogados.cl\/wp\/?page_id=15719"},"modified":"2025-01-30T15:56:39","modified_gmt":"2025-01-30T15:56:39","slug":"jose-manuel-figueroa-valdes-2","status":"publish","type":"page","link":"https:\/\/www.fihsabogados.cl\/english\/attorneys-at-law\/jose-manuel-figueroa-valdes-2\/","title":{"rendered":"Jos\u00e9 Manuel Figueroa Vald\u00e9s"},"content":{"rendered":"<div class=\"fusion-fullwidth fullwidth-box fusion-builder-row-1 fusion-flex-container has-pattern-background has-mask-background nonhundred-percent-fullwidth non-hundred-percent-height-scrolling abogado\" style=\"--awb-background-position:left top;--awb-border-sizes-top:0px;--awb-border-sizes-bottom:0px;--awb-border-sizes-left:0px;--awb-border-sizes-right:0px;--awb-border-radius-top-left:0px;--awb-border-radius-top-right:0px;--awb-border-radius-bottom-right:0px;--awb-border-radius-bottom-left:0px;--awb-padding-top:110px;--awb-padding-bottom:90px;--awb-padding-top-medium:72px;--awb-padding-bottom-medium:62px;--awb-background-color:var(--awb-color2);--awb-flex-wrap:wrap;\" ><div class=\"fusion-builder-row fusion-row fusion-flex-align-items-flex-start fusion-flex-content-wrap\" style=\"max-width:calc( 1170px + 0px );margin-left: calc(-0px \/ 2 );margin-right: calc(-0px \/ 2 );\"><div class=\"fusion-layout-column fusion_builder_column fusion-builder-column-0 fusion_builder_column_1_1 1_1 fusion-flex-column fusion-flex-align-self-flex-start fusion-column-no-min-height\" style=\"--awb-bg-blend:overlay;--awb-bg-size:cover;--awb-width-large:100%;--awb-margin-top-large:0px;--awb-spacing-right-large:0px;--awb-margin-bottom-large:0px;--awb-spacing-left-large:0px;--awb-width-medium:100%;--awb-spacing-right-medium:0px;--awb-spacing-left-medium:0px;--awb-width-small:100%;--awb-spacing-right-small:0px;--awb-spacing-left-small:0px;\"><div class=\"fusion-column-wrapper fusion-flex-justify-content-flex-start fusion-content-layout-column\"><div class=\"fusion-separator fusion-full-width-sep\" style=\"align-self: center;margin-left: auto;margin-right: auto;width:100%;\"><\/div><\/div><\/div><div class=\"fusion-layout-column fusion_builder_column fusion-builder-column-1 fusion_builder_column_1_1 1_1 fusion-flex-column green-border rounded-border\" style=\"--awb-padding-top:60px;--awb-padding-right:60px;--awb-padding-bottom:50px;--awb-padding-left:60px;--awb-bg-color:var(--awb-color2);--awb-bg-color-hover:var(--awb-color2);--awb-bg-size:cover;--awb-border-color:var(--awb-color2);--awb-border-top:1px;--awb-border-right:1px;--awb-border-bottom:1px;--awb-border-left:1px;--awb-border-style:solid;--awb-width-large:100%;--awb-margin-top-large:0px;--awb-spacing-right-large:0px;--awb-margin-bottom-large:20px;--awb-spacing-left-large:0px;--awb-width-medium:100%;--awb-spacing-right-medium:0px;--awb-spacing-left-medium:0px;--awb-width-small:100%;--awb-spacing-right-small:0px;--awb-spacing-left-small:0px;\"><div class=\"fusion-column-wrapper fusion-flex-justify-content-center fusion-content-layout-column\"><div class=\"fusion-builder-row fusion-builder-row-inner fusion-row fusion-flex-align-items-flex-start fusion-flex-content-wrap\" style=\"--awb-flex-grow:0;--awb-flex-grow-medium:0;--awb-flex-grow-small:0;--awb-flex-shrink:0;--awb-flex-shrink-medium:0;--awb-flex-shrink-small:0;width:calc( 100% + 0px ) !important;max-width:calc( 100% + 0px ) !important;margin-left: calc(-0px \/ 2 );margin-right: calc(-0px \/ 2 );\"><div class=\"fusion-layout-column fusion_builder_column_inner fusion-builder-nested-column-0 fusion_builder_column_inner_1_3 1_3 fusion-flex-column\" style=\"--awb-bg-size:cover;--awb-width-large:33.333333333333%;--awb-margin-top-large:0px;--awb-spacing-right-large:0px;--awb-margin-bottom-large:20px;--awb-spacing-left-large:0px;--awb-width-medium:25%;--awb-spacing-right-medium:0px;--awb-spacing-left-medium:0px;--awb-width-small:100%;--awb-spacing-right-small:0px;--awb-spacing-left-small:0px;\"><div class=\"fusion-column-wrapper fusion-column-has-shadow fusion-flex-justify-content-flex-start fusion-content-layout-column\"><div class=\"fusion-image-element \" style=\"--awb-margin-right:30px;--awb-max-width:300px;--awb-caption-title-font-family:var(--h2_typography-font-family);--awb-caption-title-font-weight:var(--h2_typography-font-weight);--awb-caption-title-font-style:var(--h2_typography-font-style);--awb-caption-title-size:var(--h2_typography-font-size);--awb-caption-title-transform:var(--h2_typography-text-transform);--awb-caption-title-line-height:var(--h2_typography-line-height);--awb-caption-title-letter-spacing:var(--h2_typography-letter-spacing);\"><span class=\" fusion-imageframe imageframe-none imageframe-1 hover-type-none\"><img decoding=\"async\" width=\"400\" height=\"600\" alt=\"JOS\u00c9 MANUEL FIGUEROA VALD\u00c9S\" title=\"JOS\u00c9 MANUEL FIGUEROA VALD\u00c9S\" src=\"https:\/\/www.fihsabogados.cl\/english\/wp-content\/uploads\/2024\/06\/JOSE-MANUEL-FIGUEROA-VALDES.jpg\" data-orig-src=\"https:\/\/www.fihsabogados.cl\/english\/wp-content\/uploads\/2024\/06\/JOSE-MANUEL-FIGUEROA-VALDES.jpg\" class=\"lazyload img-responsive wp-image-17163\" srcset=\"data:image\/svg+xml,%3Csvg%20xmlns%3D%27http%3A%2F%2Fwww.w3.org%2F2000%2Fsvg%27%20width%3D%27400%27%20height%3D%27600%27%20viewBox%3D%270%200%20400%20600%27%3E%3Crect%20width%3D%27400%27%20height%3D%27600%27%20fill-opacity%3D%220%22%2F%3E%3C%2Fsvg%3E\" data-srcset=\"https:\/\/www.fihsabogados.cl\/english\/wp-content\/uploads\/2024\/06\/JOSE-MANUEL-FIGUEROA-VALDES-200x300.jpg 200w, https:\/\/www.fihsabogados.cl\/english\/wp-content\/uploads\/2024\/06\/JOSE-MANUEL-FIGUEROA-VALDES.jpg 400w\" data-sizes=\"auto\" data-orig-sizes=\"(max-width: 1024px) 100vw, (max-width: 850px) 100vw, 400px\" \/><\/span><\/div><div class=\"fusion-text fusion-text-1\"><p style=\"text-align: center;\">jmfv@fihs.cl<\/p>\n<\/div><\/div><\/div><div class=\"fusion-layout-column fusion_builder_column_inner fusion-builder-nested-column-1 fusion_builder_column_inner_2_3 2_3 fusion-flex-column fusion-flex-align-self-flex-start\" style=\"--awb-bg-size:cover;--awb-width-large:66.666666666667%;--awb-margin-top-large:0px;--awb-spacing-right-large:0px;--awb-margin-bottom-large:0px;--awb-spacing-left-large:0px;--awb-width-medium:75%;--awb-spacing-right-medium:0px;--awb-spacing-left-medium:0px;--awb-width-small:100%;--awb-spacing-right-small:0px;--awb-spacing-left-small:0px;\"><div class=\"fusion-column-wrapper fusion-column-has-shadow fusion-flex-justify-content-flex-start fusion-content-layout-column\"><div class=\"fusion-title title fusion-title-1 fusion-title-text fusion-title-size-three\" style=\"--awb-margin-bottom:20px;--awb-margin-top-small:0px;--awb-margin-right-small:0px;--awb-margin-bottom-small:20px;--awb-margin-left-small:0px;\"><div class=\"title-sep-container title-sep-container-left fusion-no-large-visibility fusion-no-medium-visibility fusion-no-small-visibility\"><div class=\"title-sep sep- sep-solid\" style=\"border-color:var(--awb-color3);\"><\/div><\/div><span class=\"awb-title-spacer fusion-no-large-visibility fusion-no-medium-visibility fusion-no-small-visibility\"><\/span><h3 class=\"fusion-title-heading title-heading-left\" style=\"margin:0;text-transform:uppercase;\"><strong>Jos\u00e9 Manuel Figueroa Vald\u00e9s<\/strong><\/h3><span class=\"awb-title-spacer\"><\/span><div class=\"title-sep-container title-sep-container-right\"><div class=\"title-sep sep- sep-solid\" style=\"border-color:var(--awb-color3);\"><\/div><\/div><\/div><div class=\"fusion-text fusion-text-2\"><p><strong>Studies and professional experience:<\/strong><\/p>\n<p style=\"text-align: justify;\">Lawyer, Catholic University of Chile. He joined FIHS in 1991. Specialist in the real estate area. He is legal advisor to communities of co-owners, office buildings, residential condominiums, lots and shopping centers, located in the metropolitan area and in regions. He has experience in advising important tourist-residential real estate projects in our country.<\/p>\n<\/div><div class=\"fusion-text fusion-text-3\"><p><strong>Academic experience:<\/strong><\/p>\n<p style=\"text-align: justify;\">Professor of the Diploma in Real Estate Law and Business taught by the Catholic University of Chile, from 2016 to date.<\/p>\n<p style=\"text-align: justify;\">Professor of the Diploma in Business Real Estate Law taught by the University of Los Andes from 2011 to date.<\/p>\n<p style=\"text-align: justify;\">Participates as a speaker in talks and seminars on the Real Estate Co-ownership Regime: University of Chile, University of Desarrollo, Central University, Chilean Chamber of Construction, Chilean Bar Association, I. Municipality of Las Condes, I. Municipality of Santiago, College of Real Estate Management and Administration (C.G.A.I.-Chile), and National Chamber of Real Estate Services A. G. (ACOP).<\/p>\n<p style=\"text-align: justify;\">Publications:<\/p>\n<p style=\"text-align: justify;\">&#8211; Author of the book titled \u201cReal Estate Co-Property New Legal Regime\u201d.<\/p>\n<p style=\"text-align: justify;\">&#8211; Author of the book titled \u201cAdministration of the Communities of Co-owners\u201d.<\/p>\n<p style=\"text-align: justify;\">&#8211; Co-author of the book titled \u201cSeminar: Real Estate Co-Property\u201d.<\/p>\n<p style=\"text-align: justify;\">&#8211; Contributor to the Book \u201cLegal Regime of Real Estate Brokerage\u201d.<\/p>\n<p style=\"text-align: justify;\">Affiliations:<\/p>\n<p style=\"text-align: justify;\">Member of the Bar Association of Santiago de Chile.<\/p>\n<\/div><div class=\"fusion-text fusion-text-4\"><h3 style=\"text-align: center;\"><strong>Asistente:<\/strong><\/h3>\n<p style=\"text-align: center;\">Andr\u00e9s Guti\u00e9rrez<br \/>\n<a href=\"mailto:asistentejmfv@fihs.cl\"><span style=\"color: #ffffff;\">asistentejmfv@fihs.cl<\/span><\/a><br \/>\n<span style=\"color: #ffffff;\"><a style=\"color: #ffffff;\" href=\"tel:+56228975214\">+56228975214<\/a><\/span><\/p>\n<\/div><div ><a class=\"fusion-button button-flat fusion-button-default-size button-default fusion-button-default button-1 fusion-button-default-span fusion-button-default-type\" target=\"_self\" href=\"https:\/\/www.fihsabogados.cl\/english\/attorneys-at-law\/\"><span class=\"fusion-button-text awb-button__text awb-button__text--default\">ATTORNEYS AT LAW<\/span><\/a><\/div><\/div><\/div><\/div><\/div><\/div><\/div><\/div>\n","protected":false},"excerpt":{"rendered":"","protected":false},"author":1,"featured_media":0,"parent":15120,"menu_order":3,"comment_status":"open","ping_status":"closed","template":"100-width.php","meta":{"footnotes":""},"class_list":["post-15719","page","type-page","status-publish","hentry"],"yoast_head":"<!-- This site is optimized with the Yoast SEO plugin v27.5 - https:\/\/yoast.com\/product\/yoast-seo-wordpress\/ -->\n<title>Jos\u00e9 Manuel Figueroa Vald\u00e9s, Abogado, Universidad Cat\u00f3lica Chile<\/title>\n<meta name=\"description\" content=\"Jos\u00e9 Manuel Figueroa Vald\u00e9s Estudios y experiencia profesional:Abogado, Universidad Cat\u00f3lica de Chile. Se incorpor\u00f3 a FIHS el a\u00f1o 1991.\" \/>\n<meta name=\"robots\" content=\"index, follow, max-snippet:-1, max-image-preview:large, max-video-preview:-1\" \/>\n<link rel=\"canonical\" href=\"https:\/\/www.fihsabogados.cl\/english\/attorneys-at-law\/jose-manuel-figueroa-valdes-2\/\" \/>\n<meta property=\"og:locale\" content=\"en_US\" \/>\n<meta property=\"og:type\" content=\"article\" \/>\n<meta property=\"og:title\" content=\"Jos\u00e9 Manuel Figueroa Vald\u00e9s, Abogado, Universidad Cat\u00f3lica Chile\" \/>\n<meta property=\"og:description\" content=\"Jos\u00e9 Manuel Figueroa Vald\u00e9s Estudios y experiencia profesional:Abogado, Universidad Cat\u00f3lica de Chile. Se incorpor\u00f3 a FIHS el a\u00f1o 1991.\" \/>\n<meta property=\"og:url\" content=\"https:\/\/www.fihsabogados.cl\/english\/attorneys-at-law\/jose-manuel-figueroa-valdes-2\/\" \/>\n<meta property=\"og:site_name\" content=\"FIHS is a law firm founded\" \/>\n<meta property=\"article:modified_time\" content=\"2025-01-30T15:56:39+00:00\" \/>\n<meta name=\"twitter:card\" content=\"summary_large_image\" \/>\n<meta name=\"twitter:label1\" content=\"Est. reading time\" \/>\n\t<meta name=\"twitter:data1\" content=\"2 minutes\" \/>\n<script type=\"application\/ld+json\" class=\"yoast-schema-graph\">{\"@context\":\"https:\\\/\\\/schema.org\",\"@graph\":[{\"@type\":\"WebPage\",\"@id\":\"https:\\\/\\\/www.fihsabogados.cl\\\/english\\\/attorneys-at-law\\\/jose-manuel-figueroa-valdes-2\\\/\",\"url\":\"https:\\\/\\\/www.fihsabogados.cl\\\/english\\\/attorneys-at-law\\\/jose-manuel-figueroa-valdes-2\\\/\",\"name\":\"Jos\u00e9 Manuel Figueroa Vald\u00e9s, Abogado, Universidad Cat\u00f3lica Chile\",\"isPartOf\":{\"@id\":\"https:\\\/\\\/www.fihsabogados.cl\\\/english\\\/#website\"},\"datePublished\":\"2023-11-12T16:46:06+00:00\",\"dateModified\":\"2025-01-30T15:56:39+00:00\",\"description\":\"Jos\u00e9 Manuel Figueroa Vald\u00e9s Estudios y experiencia profesional:Abogado, Universidad Cat\u00f3lica de Chile. Se incorpor\u00f3 a FIHS el a\u00f1o 1991.\",\"breadcrumb\":{\"@id\":\"https:\\\/\\\/www.fihsabogados.cl\\\/english\\\/attorneys-at-law\\\/jose-manuel-figueroa-valdes-2\\\/#breadcrumb\"},\"inLanguage\":\"en-US\",\"potentialAction\":[{\"@type\":\"ReadAction\",\"target\":[\"https:\\\/\\\/www.fihsabogados.cl\\\/english\\\/attorneys-at-law\\\/jose-manuel-figueroa-valdes-2\\\/\"]}]},{\"@type\":\"BreadcrumbList\",\"@id\":\"https:\\\/\\\/www.fihsabogados.cl\\\/english\\\/attorneys-at-law\\\/jose-manuel-figueroa-valdes-2\\\/#breadcrumb\",\"itemListElement\":[{\"@type\":\"ListItem\",\"position\":1,\"name\":\"Portada\",\"item\":\"https:\\\/\\\/www.fihsabogados.cl\\\/english\\\/\"},{\"@type\":\"ListItem\",\"position\":2,\"name\":\"ATTORNEYS AT LAW\",\"item\":\"https:\\\/\\\/www.fihsabogados.cl\\\/english\\\/attorneys-at-law\\\/\"},{\"@type\":\"ListItem\",\"position\":3,\"name\":\"Jos\u00e9 Manuel Figueroa Vald\u00e9s\"}]},{\"@type\":\"WebSite\",\"@id\":\"https:\\\/\\\/www.fihsabogados.cl\\\/english\\\/#website\",\"url\":\"https:\\\/\\\/www.fihsabogados.cl\\\/english\\\/\",\"name\":\"FIHS is a law firm founded\",\"description\":\"ATTORNEYS AT LAW\",\"potentialAction\":[{\"@type\":\"SearchAction\",\"target\":{\"@type\":\"EntryPoint\",\"urlTemplate\":\"https:\\\/\\\/www.fihsabogados.cl\\\/english\\\/?s={search_term_string}\"},\"query-input\":{\"@type\":\"PropertyValueSpecification\",\"valueRequired\":true,\"valueName\":\"search_term_string\"}}],\"inLanguage\":\"en-US\"}]}<\/script>\n<!-- \/ Yoast SEO plugin. -->","yoast_head_json":{"title":"Jos\u00e9 Manuel Figueroa Vald\u00e9s, Abogado, Universidad Cat\u00f3lica Chile","description":"Jos\u00e9 Manuel Figueroa Vald\u00e9s Estudios y experiencia profesional:Abogado, Universidad Cat\u00f3lica de Chile. Se incorpor\u00f3 a FIHS el a\u00f1o 1991.","robots":{"index":"index","follow":"follow","max-snippet":"max-snippet:-1","max-image-preview":"max-image-preview:large","max-video-preview":"max-video-preview:-1"},"canonical":"https:\/\/www.fihsabogados.cl\/english\/attorneys-at-law\/jose-manuel-figueroa-valdes-2\/","og_locale":"en_US","og_type":"article","og_title":"Jos\u00e9 Manuel Figueroa Vald\u00e9s, Abogado, Universidad Cat\u00f3lica Chile","og_description":"Jos\u00e9 Manuel Figueroa Vald\u00e9s Estudios y experiencia profesional:Abogado, Universidad Cat\u00f3lica de Chile. Se incorpor\u00f3 a FIHS el a\u00f1o 1991.","og_url":"https:\/\/www.fihsabogados.cl\/english\/attorneys-at-law\/jose-manuel-figueroa-valdes-2\/","og_site_name":"FIHS is a law firm founded","article_modified_time":"2025-01-30T15:56:39+00:00","twitter_card":"summary_large_image","twitter_misc":{"Est. reading time":"2 minutes"},"schema":{"@context":"https:\/\/schema.org","@graph":[{"@type":"WebPage","@id":"https:\/\/www.fihsabogados.cl\/english\/attorneys-at-law\/jose-manuel-figueroa-valdes-2\/","url":"https:\/\/www.fihsabogados.cl\/english\/attorneys-at-law\/jose-manuel-figueroa-valdes-2\/","name":"Jos\u00e9 Manuel Figueroa Vald\u00e9s, Abogado, Universidad Cat\u00f3lica Chile","isPartOf":{"@id":"https:\/\/www.fihsabogados.cl\/english\/#website"},"datePublished":"2023-11-12T16:46:06+00:00","dateModified":"2025-01-30T15:56:39+00:00","description":"Jos\u00e9 Manuel Figueroa Vald\u00e9s Estudios y experiencia profesional:Abogado, Universidad Cat\u00f3lica de Chile. Se incorpor\u00f3 a FIHS el a\u00f1o 1991.","breadcrumb":{"@id":"https:\/\/www.fihsabogados.cl\/english\/attorneys-at-law\/jose-manuel-figueroa-valdes-2\/#breadcrumb"},"inLanguage":"en-US","potentialAction":[{"@type":"ReadAction","target":["https:\/\/www.fihsabogados.cl\/english\/attorneys-at-law\/jose-manuel-figueroa-valdes-2\/"]}]},{"@type":"BreadcrumbList","@id":"https:\/\/www.fihsabogados.cl\/english\/attorneys-at-law\/jose-manuel-figueroa-valdes-2\/#breadcrumb","itemListElement":[{"@type":"ListItem","position":1,"name":"Portada","item":"https:\/\/www.fihsabogados.cl\/english\/"},{"@type":"ListItem","position":2,"name":"ATTORNEYS AT LAW","item":"https:\/\/www.fihsabogados.cl\/english\/attorneys-at-law\/"},{"@type":"ListItem","position":3,"name":"Jos\u00e9 Manuel Figueroa Vald\u00e9s"}]},{"@type":"WebSite","@id":"https:\/\/www.fihsabogados.cl\/english\/#website","url":"https:\/\/www.fihsabogados.cl\/english\/","name":"FIHS is a law firm founded","description":"ATTORNEYS AT LAW","potentialAction":[{"@type":"SearchAction","target":{"@type":"EntryPoint","urlTemplate":"https:\/\/www.fihsabogados.cl\/english\/?s={search_term_string}"},"query-input":{"@type":"PropertyValueSpecification","valueRequired":true,"valueName":"search_term_string"}}],"inLanguage":"en-US"}]}},"_links":{"self":[{"href":"https:\/\/www.fihsabogados.cl\/english\/wp-json\/wp\/v2\/pages\/15719","targetHints":{"allow":["GET"]}}],"collection":[{"href":"https:\/\/www.fihsabogados.cl\/english\/wp-json\/wp\/v2\/pages"}],"about":[{"href":"https:\/\/www.fihsabogados.cl\/english\/wp-json\/wp\/v2\/types\/page"}],"author":[{"embeddable":true,"href":"https:\/\/www.fihsabogados.cl\/english\/wp-json\/wp\/v2\/users\/1"}],"replies":[{"embeddable":true,"href":"https:\/\/www.fihsabogados.cl\/english\/wp-json\/wp\/v2\/comments?post=15719"}],"version-history":[{"count":5,"href":"https:\/\/www.fihsabogados.cl\/english\/wp-json\/wp\/v2\/pages\/15719\/revisions"}],"predecessor-version":[{"id":17220,"href":"https:\/\/www.fihsabogados.cl\/english\/wp-json\/wp\/v2\/pages\/15719\/revisions\/17220"}],"up":[{"embeddable":true,"href":"https:\/\/www.fihsabogados.cl\/english\/wp-json\/wp\/v2\/pages\/15120"}],"wp:attachment":[{"href":"https:\/\/www.fihsabogados.cl\/english\/wp-json\/wp\/v2\/media?parent=15719"}],"curies":[{"name":"wp","href":"https:\/\/api.w.org\/{rel}","templated":true}]}}