{"id":15725,"date":"2023-11-12T16:57:32","date_gmt":"2023-11-12T16:57:32","guid":{"rendered":"https:\/\/www.fihsabogados.cl\/wp\/?page_id=15725"},"modified":"2025-01-30T15:56:45","modified_gmt":"2025-01-30T15:56:45","slug":"sergio-huidobro-martinez","status":"publish","type":"page","link":"https:\/\/www.fihsabogados.cl\/english\/attorneys-at-law\/sergio-huidobro-martinez\/","title":{"rendered":"Sergio Huidobro Mart\u00ednez"},"content":{"rendered":"<div class=\"fusion-fullwidth fullwidth-box fusion-builder-row-1 fusion-flex-container has-pattern-background has-mask-background nonhundred-percent-fullwidth non-hundred-percent-height-scrolling abogado\" style=\"--awb-background-position:left top;--awb-border-sizes-top:0px;--awb-border-sizes-bottom:0px;--awb-border-sizes-left:0px;--awb-border-sizes-right:0px;--awb-border-color:var(--awb-color2);--awb-border-radius-top-left:0px;--awb-border-radius-top-right:0px;--awb-border-radius-bottom-right:0px;--awb-border-radius-bottom-left:0px;--awb-padding-top:110px;--awb-padding-bottom:90px;--awb-padding-top-medium:72px;--awb-padding-bottom-medium:62px;--awb-background-color:var(--awb-color2);--awb-flex-wrap:wrap;\" ><div class=\"fusion-builder-row fusion-row fusion-flex-align-items-flex-start fusion-flex-content-wrap\" style=\"max-width:calc( 1170px + 0px );margin-left: calc(-0px \/ 2 );margin-right: calc(-0px \/ 2 );\"><div class=\"fusion-layout-column fusion_builder_column fusion-builder-column-0 fusion_builder_column_1_1 1_1 fusion-flex-column fusion-flex-align-self-flex-start fusion-column-no-min-height\" style=\"--awb-bg-blend:overlay;--awb-bg-size:cover;--awb-border-color:var(--awb-color2);--awb-border-style:solid;--awb-width-large:100%;--awb-margin-top-large:0px;--awb-spacing-right-large:0px;--awb-margin-bottom-large:0px;--awb-spacing-left-large:0px;--awb-width-medium:100%;--awb-order-medium:0;--awb-spacing-right-medium:0px;--awb-spacing-left-medium:0px;--awb-width-small:100%;--awb-order-small:0;--awb-spacing-right-small:0px;--awb-spacing-left-small:0px;\" data-scroll-devices=\"small-visibility,medium-visibility,large-visibility\"><div class=\"fusion-column-wrapper fusion-column-has-shadow fusion-flex-justify-content-flex-start fusion-content-layout-column\"><div class=\"fusion-separator fusion-full-width-sep\" style=\"align-self: center;margin-left: auto;margin-right: auto;width:100%;\"><\/div><\/div><\/div><div class=\"fusion-layout-column fusion_builder_column fusion-builder-column-1 fusion_builder_column_1_1 1_1 fusion-flex-column green-border rounded-border\" style=\"--awb-padding-top:60px;--awb-padding-right:60px;--awb-padding-bottom:50px;--awb-padding-left:60px;--awb-bg-color:var(--awb-color1);--awb-bg-color-hover:var(--awb-color1);--awb-bg-size:cover;--awb-border-color:var(--awb-color2);--awb-border-top:1px;--awb-border-right:1px;--awb-border-bottom:1px;--awb-border-left:1px;--awb-border-style:solid;--awb-width-large:100%;--awb-margin-top-large:0px;--awb-spacing-right-large:0px;--awb-margin-bottom-large:20px;--awb-spacing-left-large:0px;--awb-width-medium:100%;--awb-order-medium:0;--awb-spacing-right-medium:0px;--awb-spacing-left-medium:0px;--awb-width-small:100%;--awb-order-small:0;--awb-spacing-right-small:0px;--awb-spacing-left-small:0px;\" data-scroll-devices=\"small-visibility,medium-visibility,large-visibility\"><div class=\"fusion-column-wrapper fusion-column-has-shadow fusion-flex-justify-content-center fusion-content-layout-column\"><div class=\"fusion-builder-row fusion-builder-row-inner fusion-row fusion-flex-align-items-flex-start fusion-flex-content-wrap\" style=\"--awb-flex-grow:0;--awb-flex-grow-medium:0;--awb-flex-grow-small:0;--awb-flex-shrink:0;--awb-flex-shrink-medium:0;--awb-flex-shrink-small:0;width:calc( 100% + 0px ) !important;max-width:calc( 100% + 0px ) !important;margin-left: calc(-0px \/ 2 );margin-right: calc(-0px \/ 2 );\"><div class=\"fusion-layout-column fusion_builder_column_inner fusion-builder-nested-column-0 fusion_builder_column_inner_1_3 1_3 fusion-flex-column\" style=\"--awb-bg-size:cover;--awb-width-large:33.333333333333%;--awb-margin-top-large:0px;--awb-spacing-right-large:0px;--awb-margin-bottom-large:20px;--awb-spacing-left-large:0px;--awb-width-medium:25%;--awb-spacing-right-medium:0px;--awb-spacing-left-medium:0px;--awb-width-small:100%;--awb-spacing-right-small:0px;--awb-spacing-left-small:0px;\"><div class=\"fusion-column-wrapper fusion-column-has-shadow fusion-flex-justify-content-flex-start fusion-content-layout-column\"><div class=\"fusion-image-element \" style=\"--awb-margin-right:30px;--awb-max-width:300px;--awb-caption-title-font-family:var(--h2_typography-font-family);--awb-caption-title-font-weight:var(--h2_typography-font-weight);--awb-caption-title-font-style:var(--h2_typography-font-style);--awb-caption-title-size:var(--h2_typography-font-size);--awb-caption-title-transform:var(--h2_typography-text-transform);--awb-caption-title-line-height:var(--h2_typography-line-height);--awb-caption-title-letter-spacing:var(--h2_typography-letter-spacing);\"><span class=\" fusion-imageframe imageframe-none imageframe-1 hover-type-none\"><img decoding=\"async\" width=\"400\" height=\"600\" alt=\"SERGIO HUIDOBRO MART\u00cdNEZ\" title=\"SERGIO HUIDOBRO MART\u00cdNEZ\" src=\"https:\/\/www.fihsabogados.cl\/english\/wp-content\/uploads\/2024\/06\/SERGIO-HUIDOBRO-MARTINEZ.jpg\" data-orig-src=\"https:\/\/www.fihsabogados.cl\/english\/wp-content\/uploads\/2024\/06\/SERGIO-HUIDOBRO-MARTINEZ.jpg\" class=\"lazyload img-responsive wp-image-17166\" srcset=\"data:image\/svg+xml,%3Csvg%20xmlns%3D%27http%3A%2F%2Fwww.w3.org%2F2000%2Fsvg%27%20width%3D%27400%27%20height%3D%27600%27%20viewBox%3D%270%200%20400%20600%27%3E%3Crect%20width%3D%27400%27%20height%3D%27600%27%20fill-opacity%3D%220%22%2F%3E%3C%2Fsvg%3E\" data-srcset=\"https:\/\/www.fihsabogados.cl\/english\/wp-content\/uploads\/2024\/06\/SERGIO-HUIDOBRO-MARTINEZ-200x300.jpg 200w, https:\/\/www.fihsabogados.cl\/english\/wp-content\/uploads\/2024\/06\/SERGIO-HUIDOBRO-MARTINEZ.jpg 400w\" data-sizes=\"auto\" data-orig-sizes=\"(max-width: 1024px) 100vw, (max-width: 850px) 100vw, 400px\" \/><\/span><\/div><div class=\"fusion-separator fusion-full-width-sep\" style=\"align-self: center;margin-left: auto;margin-right: auto;width:100%;\"><div class=\"fusion-separator-border sep-double\" style=\"--awb-height:20px;--awb-amount:20px;--awb-sep-color:var(--awb-color2);border-color:var(--awb-color2);border-top-width:1px;border-bottom-width:1px;\"><\/div><\/div><div class=\"fusion-separator fusion-full-width-sep\" style=\"align-self: center;margin-left: auto;margin-right: auto;width:100%;\"><div class=\"fusion-separator-border sep-double\" style=\"--awb-height:20px;--awb-amount:20px;--awb-sep-color:var(--awb-color2);border-color:var(--awb-color2);border-top-width:1px;border-bottom-width:1px;\"><\/div><\/div><div class=\"fusion-social-links fusion-social-links-1\" style=\"--awb-margin-top:0px;--awb-margin-right:0px;--awb-margin-bottom:0px;--awb-margin-left:0px;--awb-alignment:center;--awb-box-border-top:0px;--awb-box-border-right:0px;--awb-box-border-bottom:0px;--awb-box-border-left:0px;--awb-icon-colors-hover:hsla(var(--awb-color1-h),var(--awb-color1-s),var(--awb-color1-l),calc( var(--awb-color1-a) - 20% ));--awb-box-colors-hover:hsla(var(--awb-color5-h),var(--awb-color5-s),var(--awb-color5-l),calc( var(--awb-color5-a) - 20% ));--awb-box-border-color:var(--awb-color3);--awb-box-border-color-hover:var(--awb-color4);\"><div class=\"fusion-social-networks boxed-icons color-type-custom\"><div class=\"fusion-social-networks-wrapper\"><a class=\"fusion-social-network-icon fusion-tooltip fusion-linkedin awb-icon-linkedin\" style=\"color:var(--awb-color1);font-size:14px;width:14px;background-color:var(--awb-color5);border-color:var(--awb-color5);border-radius:4px;\" data-placement=\"top\" data-title=\"LinkedIn\" data-toggle=\"tooltip\" title=\"LinkedIn\" aria-label=\"linkedin\" target=\"_blank\" rel=\"noopener noreferrer\" href=\"https:\/\/www.linkedin.com\/in\/sergio-a-huidobro-m-3441a130\/\"><\/a><\/div><\/div><\/div><div class=\"fusion-text fusion-text-1\"><p style=\"text-align: center;\">\u00a0sah@fihs.cl<\/p>\n<\/div><\/div><\/div><div class=\"fusion-layout-column fusion_builder_column_inner fusion-builder-nested-column-1 fusion_builder_column_inner_2_3 2_3 fusion-flex-column fusion-flex-align-self-flex-start\" style=\"--awb-bg-size:cover;--awb-width-large:66.666666666667%;--awb-margin-top-large:0px;--awb-spacing-right-large:0px;--awb-margin-bottom-large:0px;--awb-spacing-left-large:0px;--awb-width-medium:75%;--awb-spacing-right-medium:0px;--awb-spacing-left-medium:0px;--awb-width-small:100%;--awb-spacing-right-small:0px;--awb-spacing-left-small:0px;\"><div class=\"fusion-column-wrapper fusion-column-has-shadow fusion-flex-justify-content-flex-start fusion-content-layout-column\"><div class=\"fusion-title title fusion-title-1 fusion-title-text fusion-title-size-three\" style=\"--awb-margin-bottom:20px;--awb-margin-top-small:0px;--awb-margin-right-small:0px;--awb-margin-bottom-small:20px;--awb-margin-left-small:0px;\"><div class=\"title-sep-container title-sep-container-left fusion-no-large-visibility fusion-no-medium-visibility fusion-no-small-visibility\"><div class=\"title-sep sep- sep-solid\" style=\"border-color:var(--awb-color3);\"><\/div><\/div><span class=\"awb-title-spacer fusion-no-large-visibility fusion-no-medium-visibility fusion-no-small-visibility\"><\/span><h3 class=\"fusion-title-heading title-heading-left\" style=\"margin:0;text-transform:uppercase;\"><strong>Sergio Huidobro Mart\u00ednez<\/strong><\/h3><span class=\"awb-title-spacer\"><\/span><div class=\"title-sep-container title-sep-container-right\"><div class=\"title-sep sep- sep-solid\" style=\"border-color:var(--awb-color3);\"><\/div><\/div><\/div><div class=\"fusion-text fusion-text-2\"><p>Sergio is a criminal litigator, especially in economic crimes. He also advises companies, boards of directors and senior executives on criminal compliance issues and crime prevention models. He is a professor of Criminal Law at the Universidad del Desarrollo and a member of the Legislation Commission of the Chilean Chamber of Construction\u201d.<\/p>\n<p><strong>Studies and Professional Experience<\/strong><\/p>\n<p style=\"text-align: justify;\">Lawyer, Univ. Diego Portales, 1995. Post Degree in Economics and Finance for Lawyers, Faculty of Economics and Administrative Sciences, Univ. of Chile, 2001; Diploma in Economic Criminal Law,\u00a0 Faculty of Law, Univ. Alberto Hurtado, 2005; Diploma in \u2018Corporate Governance\u2019, Law School. Univ. del Desarrollo, 2012; Diploma \u2018Economic Sanctioning Law: Administrative and Criminal&#8221;, Law School. Univ. de los Andes, 2015; Diploma in \u2018Specialisation in Construction Law\u2019, Law School. Univ. de Los Andes 2017; Diploma in Compliance Latam, Thomson Reuters, 2018. He has practiced as an independent lawyer and as part of FIHS Abogados since 1996, where he has worked mainly in economic criminal litigation and criminal compliance, providing preventive and judicial criminal advice to companies, boards of directors and senior executives.<\/p>\n<\/div><div class=\"fusion-text fusion-text-3\"><p><strong>Academic Experience<\/strong><\/p>\n<p style=\"text-align: justify;\">Professor of Criminal Law, Faculty of\u00a0 Law, Universidad del Desarrollo (2008 to date). Professor in Diploma of Corporate Law &#8211; Corporate Criminal Liability of the Company, Faculty of Law. Univ. del Desarrollo (2010 to 2014). Professor of Criminal Compliance in the course \u2018Legal Keys of the Real Estate Business\u2019 of the ESE Business School of the Univ. de los Andes (year 2017 &#8211; 2020). Repeated speaker at the Chilean Chamber of Construction on issues of criminal liability of legal persons (2018 to date). Speaker at the 2nd International Congress on Construction Law, Universidad de los Andes (Oct. 2019).<\/p>\n<p><strong>Publications<\/strong><\/p>\n<p>&#8211; \u2018New law on corporate crime and compliance in the construction industry\u2019, En Concreto Magazine, of the Chilean Chamber of Construction No. 185, December 2018.<\/p>\n<p>&#8211; \u2018SQM and the importance of compliance in the Real Estate Industry\u2019, Real Estate Studies Center of the ESE Business School of the Universidad de los Andes, Oct. 2018.<\/p>\n<p>&#8211; Co-author Chilean Chapter in Book \u2018Anti-Corruption Law and Regulation, A Global Guide 2018\u2019.<\/p>\n<p>&#8211; Co-author Chilean Chapter in Publication \u2018Construction 2019, Getting the Deal Through\u2019, August 2018.<\/p>\n<p>&#8211; The UAF: Sanctions and Worrying Statistics\u2019. En Concreto Magazine, of the Chilean Chamber of Construction N\u00b0 181, August 2018.<\/p>\n<p>&#8211; \u2018Comment of SCS of May 11, 2011 (Rol N\u00ba 2576-2011)\u2019, Doctrine and Jurisprudence Penal Magazine N\u00ba 21. Part I. Universidad de los Andes, Faculty of Law, July 2015.<\/p>\n<p>&#8211; Main Modifications to Book I of the Penal Code in the last 10 years (period 1999 to 2009)&#8221;, Legal News Magazine of the Universidad del Desarrollo, Year X, No. 20, July 2009.<\/p>\n<p>&#8211; Some Comments on Law No. 20,253 on Recidivism&#8221;, Actualidad Jur\u00eddica Magazine of the Universidad del Desarrollo, Year IX, N\u00b018, July 2008.<\/p>\n<p>&#8211; Are there any room for attempt and frustration in scams against Insurance Companies?&#8221;, Actualidad Jur\u00eddica Magazine of the Universidad del Desarrollo, Year VII, No. 14, July 2006.<\/p>\n<p>&#8211; Chilean Law Project that creates the National DNA Registry System&#8221;, Actualidad Jur\u00eddica Magazine of the Universidad del Desarrollo, Year VI, N\u00ba 11, January 2005.<\/p>\n<p><strong>Affiliations<\/strong><\/p>\n<p>Member of the Chilean Bar Association. Member of the Institute of Criminal Sciences. Member of the Chilean Society of Construction Law. Member of the Centre for Regulatory Law and Business of the Universidad del Desarrollo. Member of the Legislation Commission of the Chilean Chamber of Construction.<\/p>\n<\/div><div class=\"fusion-text fusion-text-4\"><h3 style=\"text-align: center;\"><strong>Asistente:<\/strong><\/h3>\n<p style=\"text-align: center;\">Susana Radic<br \/>\n<a href=\"mailto:sradic@fihs.cl\">sradic@fihs.cl<\/a><br \/>\n<a href=\"tel:+56228975211\">+56228975211<\/a><\/p>\n<\/div><div ><a class=\"fusion-button button-flat fusion-button-default-size button-default fusion-button-default button-1 fusion-button-default-span fusion-button-default-type\" target=\"_self\" href=\"https:\/\/www.fihsabogados.cl\/english\/attorneys-at-law\/\"><span class=\"fusion-button-text awb-button__text awb-button__text--default\">ATTORNEYS AT LAW<\/span><\/a><\/div><\/div><\/div><\/div><\/div><\/div><\/div><\/div>\n","protected":false},"excerpt":{"rendered":"","protected":false},"author":1,"featured_media":0,"parent":15120,"menu_order":4,"comment_status":"open","ping_status":"closed","template":"100-width.php","meta":{"footnotes":""},"class_list":["post-15725","page","type-page","status-publish","hentry"],"yoast_head":"<!-- This site is optimized with the Yoast SEO plugin v27.5 - https:\/\/yoast.com\/product\/yoast-seo-wordpress\/ -->\n<title>Sergio Huidobro Mart\u00ednez, Abogado, Univ. Diego Portales<\/title>\n<meta name=\"description\" content=\"Abogado, Univ. Diego Portales, 1995. Post T\u00edtulo en Econom\u00eda y Finanzas para Abogados en la Facultad de Ciencias Econ\u00f3micas y Administrativas\" \/>\n<meta name=\"robots\" content=\"index, follow, max-snippet:-1, max-image-preview:large, max-video-preview:-1\" \/>\n<link rel=\"canonical\" href=\"https:\/\/www.fihsabogados.cl\/english\/attorneys-at-law\/sergio-huidobro-martinez\/\" \/>\n<meta property=\"og:locale\" content=\"en_US\" \/>\n<meta property=\"og:type\" content=\"article\" \/>\n<meta property=\"og:title\" content=\"Sergio Huidobro Mart\u00ednez, Abogado, Univ. Diego Portales\" \/>\n<meta property=\"og:description\" content=\"Abogado, Univ. Diego Portales, 1995. Post T\u00edtulo en Econom\u00eda y Finanzas para Abogados en la Facultad de Ciencias Econ\u00f3micas y Administrativas\" \/>\n<meta property=\"og:url\" content=\"https:\/\/www.fihsabogados.cl\/english\/attorneys-at-law\/sergio-huidobro-martinez\/\" \/>\n<meta property=\"og:site_name\" content=\"FIHS is a law firm founded\" \/>\n<meta property=\"article:modified_time\" content=\"2025-01-30T15:56:45+00:00\" \/>\n<meta name=\"twitter:card\" content=\"summary_large_image\" \/>\n<meta name=\"twitter:label1\" content=\"Est. reading time\" \/>\n\t<meta name=\"twitter:data1\" content=\"3 minutes\" \/>\n<script type=\"application\/ld+json\" class=\"yoast-schema-graph\">{\"@context\":\"https:\\\/\\\/schema.org\",\"@graph\":[{\"@type\":\"WebPage\",\"@id\":\"https:\\\/\\\/www.fihsabogados.cl\\\/english\\\/attorneys-at-law\\\/sergio-huidobro-martinez\\\/\",\"url\":\"https:\\\/\\\/www.fihsabogados.cl\\\/english\\\/attorneys-at-law\\\/sergio-huidobro-martinez\\\/\",\"name\":\"Sergio Huidobro Mart\u00ednez, Abogado, Univ. Diego Portales\",\"isPartOf\":{\"@id\":\"https:\\\/\\\/www.fihsabogados.cl\\\/english\\\/#website\"},\"datePublished\":\"2023-11-12T16:57:32+00:00\",\"dateModified\":\"2025-01-30T15:56:45+00:00\",\"description\":\"Abogado, Univ. Diego Portales, 1995. Post T\u00edtulo en Econom\u00eda y Finanzas para Abogados en la Facultad de Ciencias Econ\u00f3micas y Administrativas\",\"breadcrumb\":{\"@id\":\"https:\\\/\\\/www.fihsabogados.cl\\\/english\\\/attorneys-at-law\\\/sergio-huidobro-martinez\\\/#breadcrumb\"},\"inLanguage\":\"en-US\",\"potentialAction\":[{\"@type\":\"ReadAction\",\"target\":[\"https:\\\/\\\/www.fihsabogados.cl\\\/english\\\/attorneys-at-law\\\/sergio-huidobro-martinez\\\/\"]}]},{\"@type\":\"BreadcrumbList\",\"@id\":\"https:\\\/\\\/www.fihsabogados.cl\\\/english\\\/attorneys-at-law\\\/sergio-huidobro-martinez\\\/#breadcrumb\",\"itemListElement\":[{\"@type\":\"ListItem\",\"position\":1,\"name\":\"Portada\",\"item\":\"https:\\\/\\\/www.fihsabogados.cl\\\/english\\\/\"},{\"@type\":\"ListItem\",\"position\":2,\"name\":\"ATTORNEYS AT LAW\",\"item\":\"https:\\\/\\\/www.fihsabogados.cl\\\/english\\\/attorneys-at-law\\\/\"},{\"@type\":\"ListItem\",\"position\":3,\"name\":\"Sergio Huidobro Mart\u00ednez\"}]},{\"@type\":\"WebSite\",\"@id\":\"https:\\\/\\\/www.fihsabogados.cl\\\/english\\\/#website\",\"url\":\"https:\\\/\\\/www.fihsabogados.cl\\\/english\\\/\",\"name\":\"FIHS is a law firm founded\",\"description\":\"ATTORNEYS AT LAW\",\"potentialAction\":[{\"@type\":\"SearchAction\",\"target\":{\"@type\":\"EntryPoint\",\"urlTemplate\":\"https:\\\/\\\/www.fihsabogados.cl\\\/english\\\/?s={search_term_string}\"},\"query-input\":{\"@type\":\"PropertyValueSpecification\",\"valueRequired\":true,\"valueName\":\"search_term_string\"}}],\"inLanguage\":\"en-US\"}]}<\/script>\n<!-- \/ Yoast SEO plugin. -->","yoast_head_json":{"title":"Sergio Huidobro Mart\u00ednez, Abogado, Univ. Diego Portales","description":"Abogado, Univ. Diego Portales, 1995. Post T\u00edtulo en Econom\u00eda y Finanzas para Abogados en la Facultad de Ciencias Econ\u00f3micas y Administrativas","robots":{"index":"index","follow":"follow","max-snippet":"max-snippet:-1","max-image-preview":"max-image-preview:large","max-video-preview":"max-video-preview:-1"},"canonical":"https:\/\/www.fihsabogados.cl\/english\/attorneys-at-law\/sergio-huidobro-martinez\/","og_locale":"en_US","og_type":"article","og_title":"Sergio Huidobro Mart\u00ednez, Abogado, Univ. Diego Portales","og_description":"Abogado, Univ. Diego Portales, 1995. Post T\u00edtulo en Econom\u00eda y Finanzas para Abogados en la Facultad de Ciencias Econ\u00f3micas y Administrativas","og_url":"https:\/\/www.fihsabogados.cl\/english\/attorneys-at-law\/sergio-huidobro-martinez\/","og_site_name":"FIHS is a law firm founded","article_modified_time":"2025-01-30T15:56:45+00:00","twitter_card":"summary_large_image","twitter_misc":{"Est. reading time":"3 minutes"},"schema":{"@context":"https:\/\/schema.org","@graph":[{"@type":"WebPage","@id":"https:\/\/www.fihsabogados.cl\/english\/attorneys-at-law\/sergio-huidobro-martinez\/","url":"https:\/\/www.fihsabogados.cl\/english\/attorneys-at-law\/sergio-huidobro-martinez\/","name":"Sergio Huidobro Mart\u00ednez, Abogado, Univ. Diego Portales","isPartOf":{"@id":"https:\/\/www.fihsabogados.cl\/english\/#website"},"datePublished":"2023-11-12T16:57:32+00:00","dateModified":"2025-01-30T15:56:45+00:00","description":"Abogado, Univ. Diego Portales, 1995. Post T\u00edtulo en Econom\u00eda y Finanzas para Abogados en la Facultad de Ciencias Econ\u00f3micas y Administrativas","breadcrumb":{"@id":"https:\/\/www.fihsabogados.cl\/english\/attorneys-at-law\/sergio-huidobro-martinez\/#breadcrumb"},"inLanguage":"en-US","potentialAction":[{"@type":"ReadAction","target":["https:\/\/www.fihsabogados.cl\/english\/attorneys-at-law\/sergio-huidobro-martinez\/"]}]},{"@type":"BreadcrumbList","@id":"https:\/\/www.fihsabogados.cl\/english\/attorneys-at-law\/sergio-huidobro-martinez\/#breadcrumb","itemListElement":[{"@type":"ListItem","position":1,"name":"Portada","item":"https:\/\/www.fihsabogados.cl\/english\/"},{"@type":"ListItem","position":2,"name":"ATTORNEYS AT LAW","item":"https:\/\/www.fihsabogados.cl\/english\/attorneys-at-law\/"},{"@type":"ListItem","position":3,"name":"Sergio Huidobro Mart\u00ednez"}]},{"@type":"WebSite","@id":"https:\/\/www.fihsabogados.cl\/english\/#website","url":"https:\/\/www.fihsabogados.cl\/english\/","name":"FIHS is a law firm founded","description":"ATTORNEYS AT LAW","potentialAction":[{"@type":"SearchAction","target":{"@type":"EntryPoint","urlTemplate":"https:\/\/www.fihsabogados.cl\/english\/?s={search_term_string}"},"query-input":{"@type":"PropertyValueSpecification","valueRequired":true,"valueName":"search_term_string"}}],"inLanguage":"en-US"}]}},"_links":{"self":[{"href":"https:\/\/www.fihsabogados.cl\/english\/wp-json\/wp\/v2\/pages\/15725","targetHints":{"allow":["GET"]}}],"collection":[{"href":"https:\/\/www.fihsabogados.cl\/english\/wp-json\/wp\/v2\/pages"}],"about":[{"href":"https:\/\/www.fihsabogados.cl\/english\/wp-json\/wp\/v2\/types\/page"}],"author":[{"embeddable":true,"href":"https:\/\/www.fihsabogados.cl\/english\/wp-json\/wp\/v2\/users\/1"}],"replies":[{"embeddable":true,"href":"https:\/\/www.fihsabogados.cl\/english\/wp-json\/wp\/v2\/comments?post=15725"}],"version-history":[{"count":8,"href":"https:\/\/www.fihsabogados.cl\/english\/wp-json\/wp\/v2\/pages\/15725\/revisions"}],"predecessor-version":[{"id":17221,"href":"https:\/\/www.fihsabogados.cl\/english\/wp-json\/wp\/v2\/pages\/15725\/revisions\/17221"}],"up":[{"embeddable":true,"href":"https:\/\/www.fihsabogados.cl\/english\/wp-json\/wp\/v2\/pages\/15120"}],"wp:attachment":[{"href":"https:\/\/www.fihsabogados.cl\/english\/wp-json\/wp\/v2\/media?parent=15725"}],"curies":[{"name":"wp","href":"https:\/\/api.w.org\/{rel}","templated":true}]}}