{"id":15730,"date":"2023-11-12T17:17:44","date_gmt":"2023-11-12T17:17:44","guid":{"rendered":"https:\/\/www.fihsabogados.cl\/wp\/?page_id=15730"},"modified":"2025-07-30T17:15:36","modified_gmt":"2025-07-30T17:15:36","slug":"pablo-huidobro-martinez","status":"publish","type":"page","link":"https:\/\/www.fihsabogados.cl\/english\/attorneys-at-law\/pablo-huidobro-martinez\/","title":{"rendered":"Pablo Huidobro Mart\u00ednez"},"content":{"rendered":"<div class=\"fusion-fullwidth fullwidth-box fusion-builder-row-1 fusion-flex-container has-pattern-background has-mask-background nonhundred-percent-fullwidth non-hundred-percent-height-scrolling abogado\" style=\"--awb-background-position:left top;--awb-border-sizes-top:0px;--awb-border-sizes-bottom:0px;--awb-border-sizes-left:0px;--awb-border-sizes-right:0px;--awb-border-radius-top-left:0px;--awb-border-radius-top-right:0px;--awb-border-radius-bottom-right:0px;--awb-border-radius-bottom-left:0px;--awb-padding-top:110px;--awb-padding-bottom:90px;--awb-padding-top-medium:72px;--awb-padding-bottom-medium:62px;--awb-background-color:var(--awb-color2);--awb-flex-wrap:wrap;\" ><div class=\"fusion-builder-row fusion-row fusion-flex-align-items-flex-start fusion-flex-content-wrap\" style=\"max-width:calc( 1170px + 0px );margin-left: calc(-0px \/ 2 );margin-right: calc(-0px \/ 2 );\"><div class=\"fusion-layout-column fusion_builder_column fusion-builder-column-0 fusion_builder_column_1_1 1_1 fusion-flex-column fusion-flex-align-self-flex-start fusion-column-no-min-height\" style=\"--awb-bg-blend:overlay;--awb-bg-size:cover;--awb-width-large:100%;--awb-margin-top-large:0px;--awb-spacing-right-large:0px;--awb-margin-bottom-large:0px;--awb-spacing-left-large:0px;--awb-width-medium:100%;--awb-spacing-right-medium:0px;--awb-spacing-left-medium:0px;--awb-width-small:100%;--awb-spacing-right-small:0px;--awb-spacing-left-small:0px;\"><div class=\"fusion-column-wrapper fusion-flex-justify-content-flex-start fusion-content-layout-column\"><div class=\"fusion-separator fusion-full-width-sep\" style=\"align-self: center;margin-left: auto;margin-right: auto;width:100%;\"><\/div><\/div><\/div><div class=\"fusion-layout-column fusion_builder_column fusion-builder-column-1 fusion_builder_column_1_1 1_1 fusion-flex-column green-border rounded-border\" style=\"--awb-padding-top:60px;--awb-padding-right:60px;--awb-padding-bottom:50px;--awb-padding-left:60px;--awb-bg-color:var(--awb-color2);--awb-bg-color-hover:var(--awb-color2);--awb-bg-size:cover;--awb-border-color:var(--awb-color2);--awb-border-top:1px;--awb-border-right:1px;--awb-border-bottom:1px;--awb-border-left:1px;--awb-border-style:solid;--awb-width-large:100%;--awb-margin-top-large:0px;--awb-spacing-right-large:0px;--awb-margin-bottom-large:20px;--awb-spacing-left-large:0px;--awb-width-medium:100%;--awb-spacing-right-medium:0px;--awb-spacing-left-medium:0px;--awb-width-small:100%;--awb-spacing-right-small:0px;--awb-spacing-left-small:0px;\"><div class=\"fusion-column-wrapper fusion-flex-justify-content-center fusion-content-layout-column\"><div class=\"fusion-builder-row fusion-builder-row-inner fusion-row fusion-flex-align-items-flex-start fusion-flex-content-wrap\" style=\"--awb-flex-grow:0;--awb-flex-grow-medium:0;--awb-flex-grow-small:0;--awb-flex-shrink:0;--awb-flex-shrink-medium:0;--awb-flex-shrink-small:0;width:calc( 100% + 0px ) !important;max-width:calc( 100% + 0px ) !important;margin-left: calc(-0px \/ 2 );margin-right: calc(-0px \/ 2 );\"><div class=\"fusion-layout-column fusion_builder_column_inner fusion-builder-nested-column-0 fusion_builder_column_inner_1_3 1_3 fusion-flex-column\" style=\"--awb-bg-size:cover;--awb-width-large:33.333333333333%;--awb-margin-top-large:0px;--awb-spacing-right-large:0px;--awb-margin-bottom-large:20px;--awb-spacing-left-large:0px;--awb-width-medium:25%;--awb-spacing-right-medium:0px;--awb-spacing-left-medium:0px;--awb-width-small:100%;--awb-spacing-right-small:0px;--awb-spacing-left-small:0px;\"><div class=\"fusion-column-wrapper fusion-column-has-shadow fusion-flex-justify-content-flex-start fusion-content-layout-column\"><div class=\"fusion-image-element \" style=\"text-align:center;--awb-margin-right:30px;--awb-max-width:300px;--awb-caption-title-font-family:var(--h2_typography-font-family);--awb-caption-title-font-weight:var(--h2_typography-font-weight);--awb-caption-title-font-style:var(--h2_typography-font-style);--awb-caption-title-size:var(--h2_typography-font-size);--awb-caption-title-transform:var(--h2_typography-text-transform);--awb-caption-title-line-height:var(--h2_typography-line-height);--awb-caption-title-letter-spacing:var(--h2_typography-letter-spacing);\"><span class=\" fusion-imageframe imageframe-none imageframe-1 hover-type-none\"><img decoding=\"async\" width=\"400\" height=\"600\" title=\"PABLO HUIDOBRO MART\u00cdNEZ\" src=\"https:\/\/www.fihsabogados.cl\/english\/wp-content\/uploads\/2024\/06\/PABLO-HUIDOBRO-MARTINEZ-1.jpg\" data-orig-src=\"https:\/\/www.fihsabogados.cl\/english\/wp-content\/uploads\/2024\/06\/PABLO-HUIDOBRO-MARTINEZ-1.jpg\" alt class=\"lazyload img-responsive wp-image-17179\" srcset=\"data:image\/svg+xml,%3Csvg%20xmlns%3D%27http%3A%2F%2Fwww.w3.org%2F2000%2Fsvg%27%20width%3D%27400%27%20height%3D%27600%27%20viewBox%3D%270%200%20400%20600%27%3E%3Crect%20width%3D%27400%27%20height%3D%27600%27%20fill-opacity%3D%220%22%2F%3E%3C%2Fsvg%3E\" data-srcset=\"https:\/\/www.fihsabogados.cl\/english\/wp-content\/uploads\/2024\/06\/PABLO-HUIDOBRO-MARTINEZ-1-200x300.jpg 200w, https:\/\/www.fihsabogados.cl\/english\/wp-content\/uploads\/2024\/06\/PABLO-HUIDOBRO-MARTINEZ-1.jpg 400w\" data-sizes=\"auto\" data-orig-sizes=\"(max-width: 1024px) 100vw, (max-width: 850px) 100vw, 400px\" \/><\/span><\/div><div class=\"fusion-separator fusion-full-width-sep\" style=\"align-self: center;margin-left: auto;margin-right: auto;width:100%;\"><div class=\"fusion-separator-border sep-double\" style=\"--awb-height:20px;--awb-amount:20px;--awb-sep-color:var(--awb-color2);border-color:var(--awb-color2);border-top-width:1px;border-bottom-width:1px;\"><\/div><\/div><div class=\"fusion-separator fusion-full-width-sep\" style=\"align-self: center;margin-left: auto;margin-right: auto;width:100%;\"><div class=\"fusion-separator-border sep-double\" style=\"--awb-height:20px;--awb-amount:20px;--awb-sep-color:var(--awb-color2);border-color:var(--awb-color2);border-top-width:1px;border-bottom-width:1px;\"><\/div><\/div><div class=\"fusion-social-links fusion-social-links-1\" style=\"--awb-margin-top:0px;--awb-margin-right:0px;--awb-margin-bottom:0px;--awb-margin-left:0px;--awb-alignment:center;--awb-box-border-top:0px;--awb-box-border-right:0px;--awb-box-border-bottom:0px;--awb-box-border-left:0px;--awb-icon-colors-hover:hsla(var(--awb-color1-h),var(--awb-color1-s),var(--awb-color1-l),calc( var(--awb-color1-a) - 20% ));--awb-box-colors-hover:hsla(var(--awb-color5-h),var(--awb-color5-s),var(--awb-color5-l),calc( var(--awb-color5-a) - 20% ));--awb-box-border-color:var(--awb-color3);--awb-box-border-color-hover:var(--awb-color4);\"><div class=\"fusion-social-networks boxed-icons color-type-custom\"><div class=\"fusion-social-networks-wrapper\"><\/div><\/div><\/div><\/div><\/div><div class=\"fusion-layout-column fusion_builder_column_inner fusion-builder-nested-column-1 fusion_builder_column_inner_2_3 2_3 fusion-flex-column fusion-flex-align-self-flex-start\" style=\"--awb-bg-size:cover;--awb-width-large:66.666666666667%;--awb-margin-top-large:0px;--awb-spacing-right-large:0px;--awb-margin-bottom-large:0px;--awb-spacing-left-large:0px;--awb-width-medium:75%;--awb-spacing-right-medium:0px;--awb-spacing-left-medium:0px;--awb-width-small:100%;--awb-spacing-right-small:0px;--awb-spacing-left-small:0px;\"><div class=\"fusion-column-wrapper fusion-column-has-shadow fusion-flex-justify-content-flex-start fusion-content-layout-column\"><div class=\"fusion-title title fusion-title-1 fusion-title-text fusion-title-size-three\" style=\"--awb-margin-bottom:20px;--awb-margin-top-small:0px;--awb-margin-right-small:0px;--awb-margin-bottom-small:20px;--awb-margin-left-small:0px;\"><div class=\"title-sep-container title-sep-container-left fusion-no-large-visibility fusion-no-medium-visibility fusion-no-small-visibility\"><div class=\"title-sep sep- sep-solid\" style=\"border-color:var(--awb-color3);\"><\/div><\/div><span class=\"awb-title-spacer fusion-no-large-visibility fusion-no-medium-visibility fusion-no-small-visibility\"><\/span><h3 class=\"fusion-title-heading title-heading-left\" style=\"margin:0;text-transform:uppercase;\"><strong>Pablo Huidobro Mart\u00ednez<\/strong><\/h3><span class=\"awb-title-spacer\"><\/span><div class=\"title-sep-container title-sep-container-right\"><div class=\"title-sep sep- sep-solid\" style=\"border-color:var(--awb-color3);\"><\/div><\/div><\/div><div class=\"fusion-text fusion-text-1\"><h3>\u2020 (09\/13\/1972 \u2013 07\/25\/2025)<\/h3>\n<p style=\"text-align: justify;\">Pablo was a graduate of the Diego Portales University Law School. He earned a Master&#8217;s Degree in Criminal Law and Criminal Sciences from the University of Barcelona and Pompeu Fabra University (Spain, 2001\u20132002), and completed several postgraduate diplomas in criminal law at Alberto Hurtado University and the University of Navarra.<\/p>\n<p>He joined FIHS Abogados in 1998 and was an essential part of our team for over two decades. His professional career included positions as a criminal lawyer for the State Defense Council (1998\u20132004) and the Public Criminal Defense Office (2005\u20132008), accumulating more than 25 years of experience in litigation, always committed to a rigorous and ethical defense.<\/p>\n<\/div><div class=\"fusion-text fusion-text-2\"><p>In academia, Pablo was a dedicated professor, teaching Criminal Law at Universidad del Desarrollo since 2008. He also taught at the Judicial Academy of Chile, delivering the Criminal Law course in the Judges\u2019 Training Program since 2015, as well as courses on oral litigation skills and criminal procedural law.<\/p>\n<p>We remember with admiration his generosity, professional integrity, and his unwavering dedication to training new generations of lawyers with passion and commitment. His personal and professional legacy will live on in all of us who had the privilege of working alongside him.<\/p>\n<\/div><div ><a class=\"fusion-button button-flat fusion-button-default-size button-default fusion-button-default button-1 fusion-button-default-span fusion-button-default-type\" target=\"_self\" href=\"https:\/\/www.fihsabogados.cl\/english\/attorneys-at-law\/\"><span class=\"fusion-button-text awb-button__text awb-button__text--default\">ATTORNEYS AT LAW<\/span><\/a><\/div><\/div><\/div><\/div><\/div><\/div><\/div><\/div>\n","protected":false},"excerpt":{"rendered":"","protected":false},"author":1,"featured_media":0,"parent":15120,"menu_order":5,"comment_status":"open","ping_status":"closed","template":"100-width.php","meta":{"footnotes":""},"class_list":["post-15730","page","type-page","status-publish","hentry"],"yoast_head":"<!-- This site is optimized with the Yoast SEO plugin v27.5 - https:\/\/yoast.com\/product\/yoast-seo-wordpress\/ -->\n<title>Pablo Huidobro Mart\u00ednez, Abogado Universidad Diego Portales<\/title>\n<meta name=\"description\" content=\"Abogado Universidad Diego Portales. M\u00e1ster de Especializaci\u00f3n en Derecho Penal y Ciencias Penales, Universidad de Barcelona y Universidad\" \/>\n<meta name=\"robots\" content=\"index, follow, max-snippet:-1, max-image-preview:large, max-video-preview:-1\" \/>\n<link rel=\"canonical\" href=\"https:\/\/www.fihsabogados.cl\/english\/attorneys-at-law\/pablo-huidobro-martinez\/\" \/>\n<meta property=\"og:locale\" content=\"en_US\" \/>\n<meta property=\"og:type\" content=\"article\" \/>\n<meta property=\"og:title\" content=\"Pablo Huidobro Mart\u00ednez, Abogado Universidad Diego Portales\" \/>\n<meta property=\"og:description\" content=\"Abogado Universidad Diego Portales. M\u00e1ster de Especializaci\u00f3n en Derecho Penal y Ciencias Penales, Universidad de Barcelona y Universidad\" \/>\n<meta property=\"og:url\" content=\"https:\/\/www.fihsabogados.cl\/english\/attorneys-at-law\/pablo-huidobro-martinez\/\" \/>\n<meta property=\"og:site_name\" content=\"FIHS is a law firm founded\" \/>\n<meta property=\"article:modified_time\" content=\"2025-07-30T17:15:36+00:00\" \/>\n<meta name=\"twitter:card\" content=\"summary_large_image\" \/>\n<meta name=\"twitter:label1\" content=\"Est. reading time\" \/>\n\t<meta name=\"twitter:data1\" content=\"2 minutes\" \/>\n<script type=\"application\/ld+json\" class=\"yoast-schema-graph\">{\"@context\":\"https:\\\/\\\/schema.org\",\"@graph\":[{\"@type\":\"WebPage\",\"@id\":\"https:\\\/\\\/www.fihsabogados.cl\\\/english\\\/attorneys-at-law\\\/pablo-huidobro-martinez\\\/\",\"url\":\"https:\\\/\\\/www.fihsabogados.cl\\\/english\\\/attorneys-at-law\\\/pablo-huidobro-martinez\\\/\",\"name\":\"Pablo Huidobro Mart\u00ednez, Abogado Universidad Diego Portales\",\"isPartOf\":{\"@id\":\"https:\\\/\\\/www.fihsabogados.cl\\\/english\\\/#website\"},\"datePublished\":\"2023-11-12T17:17:44+00:00\",\"dateModified\":\"2025-07-30T17:15:36+00:00\",\"description\":\"Abogado Universidad Diego Portales. M\u00e1ster de Especializaci\u00f3n en Derecho Penal y Ciencias Penales, Universidad de Barcelona y Universidad\",\"breadcrumb\":{\"@id\":\"https:\\\/\\\/www.fihsabogados.cl\\\/english\\\/attorneys-at-law\\\/pablo-huidobro-martinez\\\/#breadcrumb\"},\"inLanguage\":\"en-US\",\"potentialAction\":[{\"@type\":\"ReadAction\",\"target\":[\"https:\\\/\\\/www.fihsabogados.cl\\\/english\\\/attorneys-at-law\\\/pablo-huidobro-martinez\\\/\"]}]},{\"@type\":\"BreadcrumbList\",\"@id\":\"https:\\\/\\\/www.fihsabogados.cl\\\/english\\\/attorneys-at-law\\\/pablo-huidobro-martinez\\\/#breadcrumb\",\"itemListElement\":[{\"@type\":\"ListItem\",\"position\":1,\"name\":\"Portada\",\"item\":\"https:\\\/\\\/www.fihsabogados.cl\\\/english\\\/\"},{\"@type\":\"ListItem\",\"position\":2,\"name\":\"ATTORNEYS AT LAW\",\"item\":\"https:\\\/\\\/www.fihsabogados.cl\\\/english\\\/attorneys-at-law\\\/\"},{\"@type\":\"ListItem\",\"position\":3,\"name\":\"Pablo Huidobro Mart\u00ednez\"}]},{\"@type\":\"WebSite\",\"@id\":\"https:\\\/\\\/www.fihsabogados.cl\\\/english\\\/#website\",\"url\":\"https:\\\/\\\/www.fihsabogados.cl\\\/english\\\/\",\"name\":\"FIHS is a law firm founded\",\"description\":\"ATTORNEYS AT LAW\",\"potentialAction\":[{\"@type\":\"SearchAction\",\"target\":{\"@type\":\"EntryPoint\",\"urlTemplate\":\"https:\\\/\\\/www.fihsabogados.cl\\\/english\\\/?s={search_term_string}\"},\"query-input\":{\"@type\":\"PropertyValueSpecification\",\"valueRequired\":true,\"valueName\":\"search_term_string\"}}],\"inLanguage\":\"en-US\"}]}<\/script>\n<!-- \/ Yoast SEO plugin. -->","yoast_head_json":{"title":"Pablo Huidobro Mart\u00ednez, Abogado Universidad Diego Portales","description":"Abogado Universidad Diego Portales. M\u00e1ster de Especializaci\u00f3n en Derecho Penal y Ciencias Penales, Universidad de Barcelona y Universidad","robots":{"index":"index","follow":"follow","max-snippet":"max-snippet:-1","max-image-preview":"max-image-preview:large","max-video-preview":"max-video-preview:-1"},"canonical":"https:\/\/www.fihsabogados.cl\/english\/attorneys-at-law\/pablo-huidobro-martinez\/","og_locale":"en_US","og_type":"article","og_title":"Pablo Huidobro Mart\u00ednez, Abogado Universidad Diego Portales","og_description":"Abogado Universidad Diego Portales. M\u00e1ster de Especializaci\u00f3n en Derecho Penal y Ciencias Penales, Universidad de Barcelona y Universidad","og_url":"https:\/\/www.fihsabogados.cl\/english\/attorneys-at-law\/pablo-huidobro-martinez\/","og_site_name":"FIHS is a law firm founded","article_modified_time":"2025-07-30T17:15:36+00:00","twitter_card":"summary_large_image","twitter_misc":{"Est. reading time":"2 minutes"},"schema":{"@context":"https:\/\/schema.org","@graph":[{"@type":"WebPage","@id":"https:\/\/www.fihsabogados.cl\/english\/attorneys-at-law\/pablo-huidobro-martinez\/","url":"https:\/\/www.fihsabogados.cl\/english\/attorneys-at-law\/pablo-huidobro-martinez\/","name":"Pablo Huidobro Mart\u00ednez, Abogado Universidad Diego Portales","isPartOf":{"@id":"https:\/\/www.fihsabogados.cl\/english\/#website"},"datePublished":"2023-11-12T17:17:44+00:00","dateModified":"2025-07-30T17:15:36+00:00","description":"Abogado Universidad Diego Portales. M\u00e1ster de Especializaci\u00f3n en Derecho Penal y Ciencias Penales, Universidad de Barcelona y Universidad","breadcrumb":{"@id":"https:\/\/www.fihsabogados.cl\/english\/attorneys-at-law\/pablo-huidobro-martinez\/#breadcrumb"},"inLanguage":"en-US","potentialAction":[{"@type":"ReadAction","target":["https:\/\/www.fihsabogados.cl\/english\/attorneys-at-law\/pablo-huidobro-martinez\/"]}]},{"@type":"BreadcrumbList","@id":"https:\/\/www.fihsabogados.cl\/english\/attorneys-at-law\/pablo-huidobro-martinez\/#breadcrumb","itemListElement":[{"@type":"ListItem","position":1,"name":"Portada","item":"https:\/\/www.fihsabogados.cl\/english\/"},{"@type":"ListItem","position":2,"name":"ATTORNEYS AT LAW","item":"https:\/\/www.fihsabogados.cl\/english\/attorneys-at-law\/"},{"@type":"ListItem","position":3,"name":"Pablo Huidobro Mart\u00ednez"}]},{"@type":"WebSite","@id":"https:\/\/www.fihsabogados.cl\/english\/#website","url":"https:\/\/www.fihsabogados.cl\/english\/","name":"FIHS is a law firm founded","description":"ATTORNEYS AT LAW","potentialAction":[{"@type":"SearchAction","target":{"@type":"EntryPoint","urlTemplate":"https:\/\/www.fihsabogados.cl\/english\/?s={search_term_string}"},"query-input":{"@type":"PropertyValueSpecification","valueRequired":true,"valueName":"search_term_string"}}],"inLanguage":"en-US"}]}},"_links":{"self":[{"href":"https:\/\/www.fihsabogados.cl\/english\/wp-json\/wp\/v2\/pages\/15730","targetHints":{"allow":["GET"]}}],"collection":[{"href":"https:\/\/www.fihsabogados.cl\/english\/wp-json\/wp\/v2\/pages"}],"about":[{"href":"https:\/\/www.fihsabogados.cl\/english\/wp-json\/wp\/v2\/types\/page"}],"author":[{"embeddable":true,"href":"https:\/\/www.fihsabogados.cl\/english\/wp-json\/wp\/v2\/users\/1"}],"replies":[{"embeddable":true,"href":"https:\/\/www.fihsabogados.cl\/english\/wp-json\/wp\/v2\/comments?post=15730"}],"version-history":[{"count":10,"href":"https:\/\/www.fihsabogados.cl\/english\/wp-json\/wp\/v2\/pages\/15730\/revisions"}],"predecessor-version":[{"id":17259,"href":"https:\/\/www.fihsabogados.cl\/english\/wp-json\/wp\/v2\/pages\/15730\/revisions\/17259"}],"up":[{"embeddable":true,"href":"https:\/\/www.fihsabogados.cl\/english\/wp-json\/wp\/v2\/pages\/15120"}],"wp:attachment":[{"href":"https:\/\/www.fihsabogados.cl\/english\/wp-json\/wp\/v2\/media?parent=15730"}],"curies":[{"name":"wp","href":"https:\/\/api.w.org\/{rel}","templated":true}]}}